{"id":6845,"date":"2024-06-26T14:10:35","date_gmt":"2024-06-26T18:10:35","guid":{"rendered":"https:\/\/www.ec2finance.com\/our-experts\/maude-carrier\/"},"modified":"2024-06-26T16:03:13","modified_gmt":"2024-06-26T20:03:13","slug":"maude-carrier","status":"publish","type":"page","link":"https:\/\/www.ec2finance.com\/en\/our-experts\/maude-carrier\/","title":{"rendered":"Maude Carrier"},"content":{"rendered":"\t\t<div data-elementor-type=\"wp-page\" data-elementor-id=\"6845\" class=\"elementor elementor-6845 elementor-6838\" data-elementor-post-type=\"page\">\n\t\t\t\t\t\t<section class=\"elementor-section elementor-top-section elementor-element elementor-element-697fdec elementor-section-full_width elementor-section-height-min-height elementor-section-height-default elementor-section-items-middle\" data-id=\"697fdec\" data-element_type=\"section\" data-e-type=\"section\" data-settings=\"{&quot;background_background&quot;:&quot;classic&quot;}\">\n\t\t\t\t\t\t<div class=\"elementor-container elementor-column-gap-default\">\n\t\t\t\t\t<div class=\"elementor-column elementor-col-100 elementor-top-column elementor-element elementor-element-ae46d59\" data-id=\"ae46d59\" data-element_type=\"column\" data-e-type=\"column\">\n\t\t\t<div class=\"elementor-widget-wrap elementor-element-populated\">\n\t\t\t\t\t\t<div class=\"elementor-element elementor-element-45c5150 elementor-widget elementor-widget-breadcrumbs\" data-id=\"45c5150\" data-element_type=\"widget\" data-e-type=\"widget\" data-widget_type=\"breadcrumbs.default\">\n\t\t\t\t<div class=\"elementor-widget-container\">\n\t\t\t\t\t<p id=\"breadcrumbs\"><span><span><a href=\"https:\/\/www.ec2finance.com\/en\/\">Accueil<\/a><\/span><\/span><\/p>\t\t\t\t<\/div>\n\t\t\t\t<\/div>\n\t\t\t\t\t<\/div>\n\t\t<\/div>\n\t\t\t\t\t<\/div>\n\t\t<\/section>\n\t\t\t\t<section class=\"elementor-section elementor-top-section elementor-element elementor-element-4ee0ee4 elementor-section-full_width elementor-section-height-default elementor-section-height-default\" data-id=\"4ee0ee4\" data-element_type=\"section\" data-e-type=\"section\" data-settings=\"{&quot;background_background&quot;:&quot;classic&quot;}\">\n\t\t\t\t\t\t\t<div class=\"elementor-background-overlay\"><\/div>\n\t\t\t\t\t\t\t<div class=\"elementor-container elementor-column-gap-default\">\n\t\t\t\t\t<div class=\"elementor-column elementor-col-50 elementor-top-column elementor-element elementor-element-d70a93e\" data-id=\"d70a93e\" data-element_type=\"column\" data-e-type=\"column\">\n\t\t\t<div class=\"elementor-widget-wrap elementor-element-populated\">\n\t\t\t\t\t\t<div class=\"elementor-element elementor-element-91ae461 elementor-widget elementor-widget-image\" data-id=\"91ae461\" data-element_type=\"widget\" data-e-type=\"widget\" data-widget_type=\"image.default\">\n\t\t\t\t<div class=\"elementor-widget-container\">\n\t\t\t\t\t\t\t\t\t\t\t\t\t\t\t<img fetchpriority=\"high\" decoding=\"async\" width=\"800\" height=\"800\" src=\"https:\/\/www.ec2finance.com\/wp-content\/uploads\/2024\/06\/EC2_PhotosSelection_MEMBRES_MaudeCarrier_V1.jpg\" class=\"attachment-full size-full wp-image-6833\" alt=\"\" srcset=\"https:\/\/www.ec2finance.com\/wp-content\/uploads\/2024\/06\/EC2_PhotosSelection_MEMBRES_MaudeCarrier_V1.jpg 800w, https:\/\/www.ec2finance.com\/wp-content\/uploads\/2024\/06\/EC2_PhotosSelection_MEMBRES_MaudeCarrier_V1-300x300.jpg 300w, https:\/\/www.ec2finance.com\/wp-content\/uploads\/2024\/06\/EC2_PhotosSelection_MEMBRES_MaudeCarrier_V1-150x150.jpg 150w, https:\/\/www.ec2finance.com\/wp-content\/uploads\/2024\/06\/EC2_PhotosSelection_MEMBRES_MaudeCarrier_V1-768x768.jpg 768w, https:\/\/www.ec2finance.com\/wp-content\/uploads\/2024\/06\/EC2_PhotosSelection_MEMBRES_MaudeCarrier_V1-330x330.jpg 330w, https:\/\/www.ec2finance.com\/wp-content\/uploads\/2024\/06\/EC2_PhotosSelection_MEMBRES_MaudeCarrier_V1-180x180.jpg 180w\" sizes=\"(max-width: 800px) 100vw, 800px\" \/>\t\t\t\t\t\t\t\t\t\t\t\t\t\t\t<\/div>\n\t\t\t\t<\/div>\n\t\t\t\t\t<\/div>\n\t\t<\/div>\n\t\t\t\t<div class=\"elementor-column elementor-col-50 elementor-top-column elementor-element elementor-element-cbc14e8\" data-id=\"cbc14e8\" data-element_type=\"column\" data-e-type=\"column\">\n\t\t\t<div class=\"elementor-widget-wrap elementor-element-populated\">\n\t\t\t\t\t\t<div class=\"elementor-element elementor-element-e2c8fa6 elementor-widget elementor-widget-text-editor\" data-id=\"e2c8fa6\" data-element_type=\"widget\" data-e-type=\"widget\" data-widget_type=\"text-editor.default\">\n\t\t\t\t<div class=\"elementor-widget-container\">\n\t\t\t\t\t\t\t\t\t<h1>MAUDE CARRIER<\/h1><p><small>B.A.A.<\/small><\/p>\t\t\t\t\t\t\t\t<\/div>\n\t\t\t\t<\/div>\n\t\t\t\t<div class=\"elementor-element elementor-element-4cf6f8c elementor-widget elementor-widget-text-editor\" data-id=\"4cf6f8c\" data-element_type=\"widget\" data-e-type=\"widget\" data-widget_type=\"text-editor.default\">\n\t\t\t\t<div class=\"elementor-widget-container\">\n\t\t\t\t\t\t\t\t\t<p>Financing and Business Sales &amp; Acquisitions Expert<\/p>\t\t\t\t\t\t\t\t<\/div>\n\t\t\t\t<\/div>\n\t\t\t\t<div class=\"elementor-element elementor-element-c36b60d elementor-widget elementor-widget-text-editor\" data-id=\"c36b60d\" data-element_type=\"widget\" data-e-type=\"widget\" data-widget_type=\"text-editor.default\">\n\t\t\t\t<div class=\"elementor-widget-container\">\n\t\t\t\t\t\t\t\t\t<p>T : <a href=\"tel:5147919076\">(514) 791-9076<\/a><\/p>\t\t\t\t\t\t\t\t<\/div>\n\t\t\t\t<\/div>\n\t\t\t\t<div class=\"elementor-element elementor-element-6d2ae5c elementor-icon-list--layout-inline elementor-list-item-link-full_width elementor-widget elementor-widget-icon-list\" data-id=\"6d2ae5c\" data-element_type=\"widget\" data-e-type=\"widget\" data-widget_type=\"icon-list.default\">\n\t\t\t\t<div class=\"elementor-widget-container\">\n\t\t\t\t\t\t\t<ul class=\"elementor-icon-list-items elementor-inline-items\">\n\t\t\t\t\t\t\t<li class=\"elementor-icon-list-item elementor-inline-item\">\n\t\t\t\t\t\t\t\t\t\t\t<a href=\"mailto:mcarrier@ec2finance.com\">\n\n\t\t\t\t\t\t\t\t\t\t\t\t<span class=\"elementor-icon-list-icon\">\n\t\t\t\t\t\t\t<i aria-hidden=\"true\" class=\"far fa-envelope\"><\/i>\t\t\t\t\t\t<\/span>\n\t\t\t\t\t\t\t\t\t\t<span class=\"elementor-icon-list-text\"><\/span>\n\t\t\t\t\t\t\t\t\t\t\t<\/a>\n\t\t\t\t\t\t\t\t\t<\/li>\n\t\t\t\t\t\t\t\t<li class=\"elementor-icon-list-item elementor-inline-item\">\n\t\t\t\t\t\t\t\t\t\t\t<a href=\"https:\/\/ca.linkedin.com\/in\/maude-carrier-0835a332\/\" target=\"_blank\">\n\n\t\t\t\t\t\t\t\t\t\t\t\t<span class=\"elementor-icon-list-icon\">\n\t\t\t\t\t\t\t<i aria-hidden=\"true\" class=\"fab fa-linkedin-in\"><\/i>\t\t\t\t\t\t<\/span>\n\t\t\t\t\t\t\t\t\t\t<span class=\"elementor-icon-list-text\"><\/span>\n\t\t\t\t\t\t\t\t\t\t\t<\/a>\n\t\t\t\t\t\t\t\t\t<\/li>\n\t\t\t\t\t\t<\/ul>\n\t\t\t\t\t\t<\/div>\n\t\t\t\t<\/div>\n\t\t\t\t\t<\/div>\n\t\t<\/div>\n\t\t\t\t\t<\/div>\n\t\t<\/section>\n\t\t\t\t<section class=\"elementor-section elementor-top-section elementor-element elementor-element-49aac4d elementor-section-full_width elementor-section-height-min-height elementor-section-height-default elementor-section-items-middle\" data-id=\"49aac4d\" data-element_type=\"section\" data-e-type=\"section\" data-settings=\"{&quot;background_background&quot;:&quot;classic&quot;}\">\n\t\t\t\t\t\t<div class=\"elementor-container elementor-column-gap-default\">\n\t\t\t\t\t<div class=\"elementor-column elementor-col-100 elementor-top-column elementor-element elementor-element-a598661\" data-id=\"a598661\" data-element_type=\"column\" data-e-type=\"column\">\n\t\t\t<div class=\"elementor-widget-wrap elementor-element-populated\">\n\t\t\t\t\t\t<div class=\"elementor-element elementor-element-8e5f1cc elementor-widget elementor-widget-heading\" data-id=\"8e5f1cc\" data-element_type=\"widget\" data-e-type=\"widget\" data-widget_type=\"heading.default\">\n\t\t\t\t<div class=\"elementor-widget-container\">\n\t\t\t\t\t<h2 class=\"elementor-heading-title elementor-size-default\">BIOGRAPHY<\/h2>\t\t\t\t<\/div>\n\t\t\t\t<\/div>\n\t\t\t\t<div class=\"elementor-element elementor-element-056e205 elementor-widget elementor-widget-text-editor\" data-id=\"056e205\" data-element_type=\"widget\" data-e-type=\"widget\" data-widget_type=\"text-editor.default\">\n\t\t\t\t<div class=\"elementor-widget-container\">\n\t\t\t\t\t\t\t\t\t<p>With extensive experience in corporate finance and venture capital, Maude brings comprehensive expertise in financial management, risk assessment, strategic planning, and M&amp;A transactions.<\/p><p>A graduate of HEC Montr\u00e9al with a Bachelor\u2019s degree in Business Administration, concentrating in finance, Maude has held key positions in major financial institutions. Notably, she has been a Senior Account Manager for the Health Group at National Bank and an Investment Advisor at Fonds R\u00e9gionaux de Solidarit\u00e9 FTQ Montr\u00e9al\/Mont\u00e9r\u00e9gie. She has also showcased her leadership skills in business by serving as Vice President of Finance for SMEs.<\/p><p>Beyond her professional commitments, Maude has been actively involved in various organizing committees for galas and business events.<\/p><p>Her expertise, experience, and professional values will undoubtedly be a valuable asset to our team of experts and to our clients, supporting them in the success of their growth projects.<\/p>\t\t\t\t\t\t\t\t<\/div>\n\t\t\t\t<\/div>\n\t\t\t\t\t<\/div>\n\t\t<\/div>\n\t\t\t\t\t<\/div>\n\t\t<\/section>\n\t\t\t\t<section class=\"elementor-section elementor-top-section elementor-element elementor-element-e637d9b elementor-section-full_width elementor-section-height-min-height elementor-section-height-default elementor-section-items-middle\" data-id=\"e637d9b\" data-element_type=\"section\" data-e-type=\"section\" data-settings=\"{&quot;background_background&quot;:&quot;classic&quot;}\">\n\t\t\t\t\t\t\t<div class=\"elementor-background-overlay\"><\/div>\n\t\t\t\t\t\t\t<div class=\"elementor-container elementor-column-gap-default\">\n\t\t\t\t\t<div class=\"elementor-column elementor-col-100 elementor-top-column elementor-element elementor-element-ed093f6\" data-id=\"ed093f6\" data-element_type=\"column\" data-e-type=\"column\">\n\t\t\t<div class=\"elementor-widget-wrap elementor-element-populated\">\n\t\t\t\t\t\t<div class=\"elementor-element elementor-element-0688b41 elementor-widget elementor-widget-heading\" data-id=\"0688b41\" data-element_type=\"widget\" data-e-type=\"widget\" data-widget_type=\"heading.default\">\n\t\t\t\t<div class=\"elementor-widget-container\">\n\t\t\t\t\t<h2 class=\"elementor-heading-title elementor-size-default\">Our team is here to support you in successfully achieving your business objectives<\/h2>\t\t\t\t<\/div>\n\t\t\t\t<\/div>\n\t\t\t\t<div class=\"elementor-element elementor-element-97a3d7a elementor-align-center elementor-hidden-desktop elementor-hidden-tablet elementor-widget elementor-widget-button\" data-id=\"97a3d7a\" data-element_type=\"widget\" data-e-type=\"widget\" data-widget_type=\"button.default\">\n\t\t\t\t<div class=\"elementor-widget-container\">\n\t\t\t\t\t\t\t\t\t<div class=\"elementor-button-wrapper\">\n\t\t\t\t\t<a class=\"elementor-button elementor-button-link elementor-size-md\" href=\"\/en\/contact\/\">\n\t\t\t\t\t\t<span class=\"elementor-button-content-wrapper\">\n\t\t\t\t\t\t\t\t\t<span class=\"elementor-button-text\">CONSULT MAUDE<\/span>\n\t\t\t\t\t<\/span>\n\t\t\t\t\t<\/a>\n\t\t\t\t<\/div>\n\t\t\t\t\t\t\t\t<\/div>\n\t\t\t\t<\/div>\n\t\t\t\t<div class=\"elementor-element elementor-element-80ba6dc elementor-align-center elementor-hidden-phone elementor-widget elementor-widget-button\" data-id=\"80ba6dc\" data-element_type=\"widget\" data-e-type=\"widget\" data-widget_type=\"button.default\">\n\t\t\t\t<div class=\"elementor-widget-container\">\n\t\t\t\t\t\t\t\t\t<div class=\"elementor-button-wrapper\">\n\t\t\t\t\t<a class=\"elementor-button elementor-button-link elementor-size-xl\" href=\"\/en\/contact\/\">\n\t\t\t\t\t\t<span class=\"elementor-button-content-wrapper\">\n\t\t\t\t\t\t\t\t\t<span class=\"elementor-button-text\">CONSULT MAUDE<\/span>\n\t\t\t\t\t<\/span>\n\t\t\t\t\t<\/a>\n\t\t\t\t<\/div>\n\t\t\t\t\t\t\t\t<\/div>\n\t\t\t\t<\/div>\n\t\t\t\t\t<\/div>\n\t\t<\/div>\n\t\t\t\t\t<\/div>\n\t\t<\/section>\n\t\t\t\t<\/div>\n\t\t","protected":false},"excerpt":{"rendered":"<p>MAUDE CARRIER B.A.A. Financing and Business Sales &amp; Acquisitions Expert T : (514) 791-9076 BIOGRAPHY With extensive experience in corporate finance and venture capital, Maude brings comprehensive expertise in financial management, risk assessment, strategic planning, and M&amp;A transactions. A graduate of HEC Montr\u00e9al with a Bachelor\u2019s degree in Business Administration, concentrating in finance, Maude has [&hellip;]<\/p>\n","protected":false},"author":12,"featured_media":6833,"parent":2775,"menu_order":-9999,"comment_status":"closed","ping_status":"closed","template":"","meta":{"_acf_changed":false,"footnotes":""},"class_list":["post-6845","page","type-page","status-publish","has-post-thumbnail","hentry"],"acf":[],"yoast_head":"<!-- This site is optimized with the Yoast SEO plugin v27.4 - https:\/\/yoast.com\/product\/yoast-seo-wordpress\/ -->\n<title>Maude Carrier - Financing and Business Sales &amp; Acquisitions Expert - EC2<\/title>\n<meta name=\"description\" content=\"Discover Maude Carrier&#039;s biography and her career as a financing, business sales and acquisitions expert at EC2.\" \/>\n<meta name=\"robots\" content=\"index, follow, max-snippet:-1, max-image-preview:large, max-video-preview:-1\" \/>\n<link rel=\"canonical\" href=\"https:\/\/www.ec2finance.com\/en\/our-experts\/maude-carrier\/\" \/>\n<meta property=\"og:locale\" content=\"en_US\" \/>\n<meta property=\"og:type\" content=\"article\" \/>\n<meta property=\"og:title\" content=\"Maude Carrier - Financing and Business Sales &amp; Acquisitions Expert - EC2\" \/>\n<meta property=\"og:description\" content=\"Discover Maude Carrier&#039;s biography and her career as a financing, business sales and acquisitions expert at EC2.\" \/>\n<meta property=\"og:url\" content=\"https:\/\/www.ec2finance.com\/en\/our-experts\/maude-carrier\/\" \/>\n<meta property=\"og:site_name\" content=\"EC2\" \/>\n<meta property=\"article:publisher\" content=\"https:\/\/www.facebook.com\/FirmeEC2\" \/>\n<meta property=\"article:modified_time\" content=\"2024-06-26T20:03:13+00:00\" \/>\n<meta property=\"og:image\" content=\"https:\/\/www.ec2finance.com\/wp-content\/uploads\/2024\/06\/EC2_PhotosSelection_MEMBRES_MaudeCarrier_V1.jpg\" \/>\n\t<meta property=\"og:image:width\" content=\"800\" \/>\n\t<meta property=\"og:image:height\" content=\"800\" \/>\n\t<meta property=\"og:image:type\" content=\"image\/jpeg\" \/>\n<meta name=\"twitter:card\" content=\"summary_large_image\" \/>\n<meta name=\"twitter:site\" content=\"@Ec2Finance\" \/>\n<meta name=\"twitter:label1\" content=\"Est. reading time\" \/>\n\t<meta name=\"twitter:data1\" content=\"1 minute\" \/>\n<script type=\"application\/ld+json\" class=\"yoast-schema-graph\">{\"@context\":\"https:\\\/\\\/schema.org\",\"@graph\":[{\"@type\":\"WebPage\",\"@id\":\"https:\\\/\\\/www.ec2finance.com\\\/en\\\/our-experts\\\/maude-carrier\\\/\",\"url\":\"https:\\\/\\\/www.ec2finance.com\\\/en\\\/our-experts\\\/maude-carrier\\\/\",\"name\":\"Maude Carrier - Financing and Business Sales & Acquisitions Expert - EC2\",\"isPartOf\":{\"@id\":\"https:\\\/\\\/www.ec2finance.com\\\/en\\\/#website\"},\"primaryImageOfPage\":{\"@id\":\"https:\\\/\\\/www.ec2finance.com\\\/en\\\/our-experts\\\/maude-carrier\\\/#primaryimage\"},\"image\":{\"@id\":\"https:\\\/\\\/www.ec2finance.com\\\/en\\\/our-experts\\\/maude-carrier\\\/#primaryimage\"},\"thumbnailUrl\":\"https:\\\/\\\/www.ec2finance.com\\\/wp-content\\\/uploads\\\/2024\\\/06\\\/EC2_PhotosSelection_MEMBRES_MaudeCarrier_V1.jpg\",\"datePublished\":\"2024-06-26T18:10:35+00:00\",\"dateModified\":\"2024-06-26T20:03:13+00:00\",\"description\":\"Discover Maude Carrier's biography and her career as a financing, business sales and acquisitions expert at EC2.\",\"breadcrumb\":{\"@id\":\"https:\\\/\\\/www.ec2finance.com\\\/en\\\/our-experts\\\/maude-carrier\\\/#breadcrumb\"},\"inLanguage\":\"en-US\",\"potentialAction\":[{\"@type\":\"ReadAction\",\"target\":[\"https:\\\/\\\/www.ec2finance.com\\\/en\\\/our-experts\\\/maude-carrier\\\/\"]}]},{\"@type\":\"ImageObject\",\"inLanguage\":\"en-US\",\"@id\":\"https:\\\/\\\/www.ec2finance.com\\\/en\\\/our-experts\\\/maude-carrier\\\/#primaryimage\",\"url\":\"https:\\\/\\\/www.ec2finance.com\\\/wp-content\\\/uploads\\\/2024\\\/06\\\/EC2_PhotosSelection_MEMBRES_MaudeCarrier_V1.jpg\",\"contentUrl\":\"https:\\\/\\\/www.ec2finance.com\\\/wp-content\\\/uploads\\\/2024\\\/06\\\/EC2_PhotosSelection_MEMBRES_MaudeCarrier_V1.jpg\",\"width\":800,\"height\":800},{\"@type\":\"BreadcrumbList\",\"@id\":\"https:\\\/\\\/www.ec2finance.com\\\/en\\\/our-experts\\\/maude-carrier\\\/#breadcrumb\",\"itemListElement\":[{\"@type\":\"ListItem\",\"position\":1,\"name\":\"Accueil\",\"item\":\"https:\\\/\\\/www.ec2finance.com\\\/en\\\/\"},{\"@type\":\"ListItem\",\"position\":2,\"name\":\"Our Experts\",\"item\":\"https:\\\/\\\/www.ec2finance.com\\\/en\\\/our-experts\\\/\"},{\"@type\":\"ListItem\",\"position\":3,\"name\":\"Maude Carrier\"}]},{\"@type\":\"WebSite\",\"@id\":\"https:\\\/\\\/www.ec2finance.com\\\/en\\\/#website\",\"url\":\"https:\\\/\\\/www.ec2finance.com\\\/en\\\/\",\"name\":\"EC2 Finance\",\"description\":\"Vente, acquisition et financement d\u2019entreprises\",\"publisher\":{\"@id\":\"https:\\\/\\\/www.ec2finance.com\\\/en\\\/#organization\"},\"alternateName\":\"EC2\",\"potentialAction\":[{\"@type\":\"SearchAction\",\"target\":{\"@type\":\"EntryPoint\",\"urlTemplate\":\"https:\\\/\\\/www.ec2finance.com\\\/en\\\/?s={search_term_string}\"},\"query-input\":{\"@type\":\"PropertyValueSpecification\",\"valueRequired\":true,\"valueName\":\"search_term_string\"}}],\"inLanguage\":\"en-US\"},{\"@type\":\"Organization\",\"@id\":\"https:\\\/\\\/www.ec2finance.com\\\/en\\\/#organization\",\"name\":\"EC2 Finance\",\"alternateName\":\"EC2\",\"url\":\"https:\\\/\\\/www.ec2finance.com\\\/en\\\/\",\"logo\":{\"@type\":\"ImageObject\",\"inLanguage\":\"en-US\",\"@id\":\"https:\\\/\\\/www.ec2finance.com\\\/en\\\/#\\\/schema\\\/logo\\\/image\\\/\",\"url\":\"https:\\\/\\\/www.ec2finance.com\\\/wp-content\\\/uploads\\\/2020\\\/10\\\/EC2_LogoSans.png\",\"contentUrl\":\"https:\\\/\\\/www.ec2finance.com\\\/wp-content\\\/uploads\\\/2020\\\/10\\\/EC2_LogoSans.png\",\"width\":800,\"height\":371,\"caption\":\"EC2 Finance\"},\"image\":{\"@id\":\"https:\\\/\\\/www.ec2finance.com\\\/en\\\/#\\\/schema\\\/logo\\\/image\\\/\"},\"sameAs\":[\"https:\\\/\\\/www.facebook.com\\\/FirmeEC2\",\"https:\\\/\\\/x.com\\\/Ec2Finance\"]}]}<\/script>\n<!-- \/ Yoast SEO plugin. -->","yoast_head_json":{"title":"Maude Carrier - Financing and Business Sales & Acquisitions Expert - EC2","description":"Discover Maude Carrier's biography and her career as a financing, business sales and acquisitions expert at EC2.","robots":{"index":"index","follow":"follow","max-snippet":"max-snippet:-1","max-image-preview":"max-image-preview:large","max-video-preview":"max-video-preview:-1"},"canonical":"https:\/\/www.ec2finance.com\/en\/our-experts\/maude-carrier\/","og_locale":"en_US","og_type":"article","og_title":"Maude Carrier - Financing and Business Sales & Acquisitions Expert - EC2","og_description":"Discover Maude Carrier's biography and her career as a financing, business sales and acquisitions expert at EC2.","og_url":"https:\/\/www.ec2finance.com\/en\/our-experts\/maude-carrier\/","og_site_name":"EC2","article_publisher":"https:\/\/www.facebook.com\/FirmeEC2","article_modified_time":"2024-06-26T20:03:13+00:00","og_image":[{"width":800,"height":800,"url":"https:\/\/www.ec2finance.com\/wp-content\/uploads\/2024\/06\/EC2_PhotosSelection_MEMBRES_MaudeCarrier_V1.jpg","type":"image\/jpeg"}],"twitter_card":"summary_large_image","twitter_site":"@Ec2Finance","twitter_misc":{"Est. reading time":"1 minute"},"schema":{"@context":"https:\/\/schema.org","@graph":[{"@type":"WebPage","@id":"https:\/\/www.ec2finance.com\/en\/our-experts\/maude-carrier\/","url":"https:\/\/www.ec2finance.com\/en\/our-experts\/maude-carrier\/","name":"Maude Carrier - Financing and Business Sales & Acquisitions Expert - EC2","isPartOf":{"@id":"https:\/\/www.ec2finance.com\/en\/#website"},"primaryImageOfPage":{"@id":"https:\/\/www.ec2finance.com\/en\/our-experts\/maude-carrier\/#primaryimage"},"image":{"@id":"https:\/\/www.ec2finance.com\/en\/our-experts\/maude-carrier\/#primaryimage"},"thumbnailUrl":"https:\/\/www.ec2finance.com\/wp-content\/uploads\/2024\/06\/EC2_PhotosSelection_MEMBRES_MaudeCarrier_V1.jpg","datePublished":"2024-06-26T18:10:35+00:00","dateModified":"2024-06-26T20:03:13+00:00","description":"Discover Maude Carrier's biography and her career as a financing, business sales and acquisitions expert at EC2.","breadcrumb":{"@id":"https:\/\/www.ec2finance.com\/en\/our-experts\/maude-carrier\/#breadcrumb"},"inLanguage":"en-US","potentialAction":[{"@type":"ReadAction","target":["https:\/\/www.ec2finance.com\/en\/our-experts\/maude-carrier\/"]}]},{"@type":"ImageObject","inLanguage":"en-US","@id":"https:\/\/www.ec2finance.com\/en\/our-experts\/maude-carrier\/#primaryimage","url":"https:\/\/www.ec2finance.com\/wp-content\/uploads\/2024\/06\/EC2_PhotosSelection_MEMBRES_MaudeCarrier_V1.jpg","contentUrl":"https:\/\/www.ec2finance.com\/wp-content\/uploads\/2024\/06\/EC2_PhotosSelection_MEMBRES_MaudeCarrier_V1.jpg","width":800,"height":800},{"@type":"BreadcrumbList","@id":"https:\/\/www.ec2finance.com\/en\/our-experts\/maude-carrier\/#breadcrumb","itemListElement":[{"@type":"ListItem","position":1,"name":"Accueil","item":"https:\/\/www.ec2finance.com\/en\/"},{"@type":"ListItem","position":2,"name":"Our Experts","item":"https:\/\/www.ec2finance.com\/en\/our-experts\/"},{"@type":"ListItem","position":3,"name":"Maude Carrier"}]},{"@type":"WebSite","@id":"https:\/\/www.ec2finance.com\/en\/#website","url":"https:\/\/www.ec2finance.com\/en\/","name":"EC2 Finance","description":"Vente, acquisition et financement d\u2019entreprises","publisher":{"@id":"https:\/\/www.ec2finance.com\/en\/#organization"},"alternateName":"EC2","potentialAction":[{"@type":"SearchAction","target":{"@type":"EntryPoint","urlTemplate":"https:\/\/www.ec2finance.com\/en\/?s={search_term_string}"},"query-input":{"@type":"PropertyValueSpecification","valueRequired":true,"valueName":"search_term_string"}}],"inLanguage":"en-US"},{"@type":"Organization","@id":"https:\/\/www.ec2finance.com\/en\/#organization","name":"EC2 Finance","alternateName":"EC2","url":"https:\/\/www.ec2finance.com\/en\/","logo":{"@type":"ImageObject","inLanguage":"en-US","@id":"https:\/\/www.ec2finance.com\/en\/#\/schema\/logo\/image\/","url":"https:\/\/www.ec2finance.com\/wp-content\/uploads\/2020\/10\/EC2_LogoSans.png","contentUrl":"https:\/\/www.ec2finance.com\/wp-content\/uploads\/2020\/10\/EC2_LogoSans.png","width":800,"height":371,"caption":"EC2 Finance"},"image":{"@id":"https:\/\/www.ec2finance.com\/en\/#\/schema\/logo\/image\/"},"sameAs":["https:\/\/www.facebook.com\/FirmeEC2","https:\/\/x.com\/Ec2Finance"]}]}},"_links":{"self":[{"href":"https:\/\/www.ec2finance.com\/en\/wp-json\/wp\/v2\/pages\/6845","targetHints":{"allow":["GET"]}}],"collection":[{"href":"https:\/\/www.ec2finance.com\/en\/wp-json\/wp\/v2\/pages"}],"about":[{"href":"https:\/\/www.ec2finance.com\/en\/wp-json\/wp\/v2\/types\/page"}],"author":[{"embeddable":true,"href":"https:\/\/www.ec2finance.com\/en\/wp-json\/wp\/v2\/users\/12"}],"replies":[{"embeddable":true,"href":"https:\/\/www.ec2finance.com\/en\/wp-json\/wp\/v2\/comments?post=6845"}],"version-history":[{"count":19,"href":"https:\/\/www.ec2finance.com\/en\/wp-json\/wp\/v2\/pages\/6845\/revisions"}],"predecessor-version":[{"id":6913,"href":"https:\/\/www.ec2finance.com\/en\/wp-json\/wp\/v2\/pages\/6845\/revisions\/6913"}],"up":[{"embeddable":true,"href":"https:\/\/www.ec2finance.com\/en\/wp-json\/wp\/v2\/pages\/2775"}],"wp:featuredmedia":[{"embeddable":true,"href":"https:\/\/www.ec2finance.com\/en\/wp-json\/wp\/v2\/media\/6833"}],"wp:attachment":[{"href":"https:\/\/www.ec2finance.com\/en\/wp-json\/wp\/v2\/media?parent=6845"}],"curies":[{"name":"wp","href":"https:\/\/api.w.org\/{rel}","templated":true}]}}