{"id":2773,"date":"2021-06-09T12:41:59","date_gmt":"2021-06-09T17:41:59","guid":{"rendered":"https:\/\/beta.ec2finance.com\/andre-lafontaine\/"},"modified":"2023-07-18T21:44:13","modified_gmt":"2023-07-19T01:44:13","slug":"andre-lafontaine","status":"publish","type":"page","link":"https:\/\/www.ec2finance.com\/en\/our-experts\/andre-lafontaine\/","title":{"rendered":"Andr\u00e9 Lafontaine"},"content":{"rendered":"\t\t<div data-elementor-type=\"wp-page\" data-elementor-id=\"2773\" class=\"elementor elementor-2773 elementor-756\" data-elementor-post-type=\"page\">\n\t\t\t\t\t\t<section class=\"elementor-section elementor-top-section elementor-element elementor-element-31f2aa2 elementor-section-full_width elementor-section-height-min-height elementor-section-height-default elementor-section-items-middle\" data-id=\"31f2aa2\" data-element_type=\"section\" data-e-type=\"section\" data-settings=\"{&quot;background_background&quot;:&quot;classic&quot;}\">\n\t\t\t\t\t\t<div class=\"elementor-container elementor-column-gap-default\">\n\t\t\t\t\t<div class=\"elementor-column elementor-col-100 elementor-top-column elementor-element elementor-element-cb6b5a3\" data-id=\"cb6b5a3\" data-element_type=\"column\" data-e-type=\"column\">\n\t\t\t<div class=\"elementor-widget-wrap elementor-element-populated\">\n\t\t\t\t\t\t<div class=\"elementor-element elementor-element-c7c06c7 elementor-widget elementor-widget-breadcrumbs\" data-id=\"c7c06c7\" data-element_type=\"widget\" data-e-type=\"widget\" data-widget_type=\"breadcrumbs.default\">\n\t\t\t\t<div class=\"elementor-widget-container\">\n\t\t\t\t\t<p id=\"breadcrumbs\"><span><span><a href=\"https:\/\/www.ec2finance.com\/en\/\">Accueil<\/a><\/span><\/span><\/p>\t\t\t\t<\/div>\n\t\t\t\t<\/div>\n\t\t\t\t\t<\/div>\n\t\t<\/div>\n\t\t\t\t\t<\/div>\n\t\t<\/section>\n\t\t\t\t<section class=\"elementor-section elementor-top-section elementor-element elementor-element-4ee0ee4 elementor-section-full_width elementor-section-height-default elementor-section-height-default\" data-id=\"4ee0ee4\" data-element_type=\"section\" data-e-type=\"section\" data-settings=\"{&quot;background_background&quot;:&quot;classic&quot;}\">\n\t\t\t\t\t\t\t<div class=\"elementor-background-overlay\"><\/div>\n\t\t\t\t\t\t\t<div class=\"elementor-container elementor-column-gap-default\">\n\t\t\t\t\t<div class=\"elementor-column elementor-col-50 elementor-top-column elementor-element elementor-element-d70a93e\" data-id=\"d70a93e\" data-element_type=\"column\" data-e-type=\"column\">\n\t\t\t<div class=\"elementor-widget-wrap elementor-element-populated\">\n\t\t\t\t\t\t<div class=\"elementor-element elementor-element-91ae461 elementor-widget elementor-widget-image\" data-id=\"91ae461\" data-element_type=\"widget\" data-e-type=\"widget\" data-widget_type=\"image.default\">\n\t\t\t\t<div class=\"elementor-widget-container\">\n\t\t\t\t\t\t\t\t\t\t\t\t\t\t\t<img fetchpriority=\"high\" decoding=\"async\" width=\"800\" height=\"800\" src=\"https:\/\/www.ec2finance.com\/wp-content\/uploads\/2021\/06\/EC2_PhotosSelection_MEMBRES_AndreLafontaine_V2.jpg\" class=\"attachment-full size-full wp-image-2747\" alt=\"\" srcset=\"https:\/\/www.ec2finance.com\/wp-content\/uploads\/2021\/06\/EC2_PhotosSelection_MEMBRES_AndreLafontaine_V2.jpg 800w, https:\/\/www.ec2finance.com\/wp-content\/uploads\/2021\/06\/EC2_PhotosSelection_MEMBRES_AndreLafontaine_V2-300x300.jpg 300w, https:\/\/www.ec2finance.com\/wp-content\/uploads\/2021\/06\/EC2_PhotosSelection_MEMBRES_AndreLafontaine_V2-150x150.jpg 150w, https:\/\/www.ec2finance.com\/wp-content\/uploads\/2021\/06\/EC2_PhotosSelection_MEMBRES_AndreLafontaine_V2-768x768.jpg 768w\" sizes=\"(max-width: 800px) 100vw, 800px\" \/>\t\t\t\t\t\t\t\t\t\t\t\t\t\t\t<\/div>\n\t\t\t\t<\/div>\n\t\t\t\t\t<\/div>\n\t\t<\/div>\n\t\t\t\t<div class=\"elementor-column elementor-col-50 elementor-top-column elementor-element elementor-element-cbc14e8\" data-id=\"cbc14e8\" data-element_type=\"column\" data-e-type=\"column\">\n\t\t\t<div class=\"elementor-widget-wrap elementor-element-populated\">\n\t\t\t\t\t\t<div class=\"elementor-element elementor-element-e2c8fa6 elementor-widget elementor-widget-text-editor\" data-id=\"e2c8fa6\" data-element_type=\"widget\" data-e-type=\"widget\" data-widget_type=\"text-editor.default\">\n\t\t\t\t<div class=\"elementor-widget-container\">\n\t\t\t\t\t\t\t\t\t<h1>ANDR\u00c9 LAFONTAINE<\/h1>\n<small>CPA, CBV<\/small>\t\t\t\t\t\t\t\t<\/div>\n\t\t\t\t<\/div>\n\t\t\t\t<div class=\"elementor-element elementor-element-4cf6f8c elementor-widget elementor-widget-text-editor\" data-id=\"4cf6f8c\" data-element_type=\"widget\" data-e-type=\"widget\" data-widget_type=\"text-editor.default\">\n\t\t\t\t<div class=\"elementor-widget-container\">\n\t\t\t\t\t\t\t\t\tFinancing and Business Sales &#038; Acquisitions Expert\t\t\t\t\t\t\t\t<\/div>\n\t\t\t\t<\/div>\n\t\t\t\t<div class=\"elementor-element elementor-element-c36b60d elementor-widget elementor-widget-text-editor\" data-id=\"c36b60d\" data-element_type=\"widget\" data-e-type=\"widget\" data-widget_type=\"text-editor.default\">\n\t\t\t\t<div class=\"elementor-widget-container\">\n\t\t\t\t\t\t\t\t\t<p>T : <a style=\"color: #00a7e1;\" href=\"tel:5144971895\">(514) 497-1895<\/a><\/p>\t\t\t\t\t\t\t\t<\/div>\n\t\t\t\t<\/div>\n\t\t\t\t<div class=\"elementor-element elementor-element-6d2ae5c elementor-icon-list--layout-inline elementor-mobile-align-start elementor-list-item-link-full_width elementor-widget elementor-widget-icon-list\" data-id=\"6d2ae5c\" data-element_type=\"widget\" data-e-type=\"widget\" data-widget_type=\"icon-list.default\">\n\t\t\t\t<div class=\"elementor-widget-container\">\n\t\t\t\t\t\t\t<ul class=\"elementor-icon-list-items elementor-inline-items\">\n\t\t\t\t\t\t\t<li class=\"elementor-icon-list-item elementor-inline-item\">\n\t\t\t\t\t\t\t\t\t\t\t<a href=\"mailto:alafontaine@ec2finance.com\">\n\n\t\t\t\t\t\t\t\t\t\t\t\t<span class=\"elementor-icon-list-icon\">\n\t\t\t\t\t\t\t<i aria-hidden=\"true\" class=\"far fa-envelope\"><\/i>\t\t\t\t\t\t<\/span>\n\t\t\t\t\t\t\t\t\t\t<span class=\"elementor-icon-list-text\"><\/span>\n\t\t\t\t\t\t\t\t\t\t\t<\/a>\n\t\t\t\t\t\t\t\t\t<\/li>\n\t\t\t\t\t\t\t\t<li class=\"elementor-icon-list-item elementor-inline-item\">\n\t\t\t\t\t\t\t\t\t\t\t<a href=\"https:\/\/www.linkedin.com\/in\/andre-lafontaine-2bb14b3\/\" target=\"_blank\">\n\n\t\t\t\t\t\t\t\t\t\t\t\t<span class=\"elementor-icon-list-icon\">\n\t\t\t\t\t\t\t<i aria-hidden=\"true\" class=\"fab fa-linkedin-in\"><\/i>\t\t\t\t\t\t<\/span>\n\t\t\t\t\t\t\t\t\t\t<span class=\"elementor-icon-list-text\"><\/span>\n\t\t\t\t\t\t\t\t\t\t\t<\/a>\n\t\t\t\t\t\t\t\t\t<\/li>\n\t\t\t\t\t\t<\/ul>\n\t\t\t\t\t\t<\/div>\n\t\t\t\t<\/div>\n\t\t\t\t\t<\/div>\n\t\t<\/div>\n\t\t\t\t\t<\/div>\n\t\t<\/section>\n\t\t\t\t<section class=\"elementor-section elementor-top-section elementor-element elementor-element-49aac4d elementor-section-full_width elementor-section-height-min-height elementor-section-height-default elementor-section-items-middle\" data-id=\"49aac4d\" data-element_type=\"section\" data-e-type=\"section\" data-settings=\"{&quot;background_background&quot;:&quot;classic&quot;}\">\n\t\t\t\t\t\t<div class=\"elementor-container elementor-column-gap-default\">\n\t\t\t\t\t<div class=\"elementor-column elementor-col-100 elementor-top-column elementor-element elementor-element-a598661\" data-id=\"a598661\" data-element_type=\"column\" data-e-type=\"column\">\n\t\t\t<div class=\"elementor-widget-wrap elementor-element-populated\">\n\t\t\t\t\t\t<div class=\"elementor-element elementor-element-8e5f1cc elementor-widget elementor-widget-heading\" data-id=\"8e5f1cc\" data-element_type=\"widget\" data-e-type=\"widget\" data-widget_type=\"heading.default\">\n\t\t\t\t<div class=\"elementor-widget-container\">\n\t\t\t\t\t<h2 class=\"elementor-heading-title elementor-size-default\">BIOGRAPHY<\/h2>\t\t\t\t<\/div>\n\t\t\t\t<\/div>\n\t\t\t\t<div class=\"elementor-element elementor-element-056e205 elementor-widget elementor-widget-text-editor\" data-id=\"056e205\" data-element_type=\"widget\" data-e-type=\"widget\" data-widget_type=\"text-editor.default\">\n\t\t\t\t<div class=\"elementor-widget-container\">\n\t\t\t\t\t\t\t\t\t<p>Andr\u00e9 is a partner and co-founder of EC2. As an entrepreneur, he has contributed to the growth of technology companies. He has successfully led several financing transactions and sold companies to European and American buyers.<\/p><p>Andr\u00e9 maintains a close relationship with the entrepreneurs he supports. He believes in fostering long-term, trustworthy partnerships with clients to assist them in each phase of their companies\u2019 development.<\/p><p>With more than 25 years of experience with SMEs, as part of management teams and in financing, he has also supported succession teams during the sale of private companies. In addition, he worked in private investments for a major institutional fund.<\/p><p>Andr\u00e9 began his career in certifications at PwC. He then worked in the firm\u2019s Financial Advisory Services. He is a member of the <em>Ordre des comptables professionnels agr\u00e9\u00e9s du Qu\u00e9bec<\/em> (CPA, CA) and holds the title of Chartered Business Valuator (CBV).<\/p>\t\t\t\t\t\t\t\t<\/div>\n\t\t\t\t<\/div>\n\t\t\t\t\t<\/div>\n\t\t<\/div>\n\t\t\t\t\t<\/div>\n\t\t<\/section>\n\t\t\t\t<section class=\"elementor-section elementor-top-section elementor-element elementor-element-33aee06 elementor-section-full_width elementor-section-height-min-height elementor-section-height-default elementor-section-items-middle\" data-id=\"33aee06\" data-element_type=\"section\" data-e-type=\"section\" data-settings=\"{&quot;background_background&quot;:&quot;classic&quot;}\">\n\t\t\t\t\t\t\t<div class=\"elementor-background-overlay\"><\/div>\n\t\t\t\t\t\t\t<div class=\"elementor-container elementor-column-gap-default\">\n\t\t\t\t\t<div class=\"elementor-column elementor-col-100 elementor-top-column elementor-element elementor-element-506f3aa\" data-id=\"506f3aa\" data-element_type=\"column\" data-e-type=\"column\">\n\t\t\t<div class=\"elementor-widget-wrap elementor-element-populated\">\n\t\t\t\t\t\t<div class=\"elementor-element elementor-element-13c986e elementor-widget elementor-widget-heading\" data-id=\"13c986e\" data-element_type=\"widget\" data-e-type=\"widget\" data-widget_type=\"heading.default\">\n\t\t\t\t<div class=\"elementor-widget-container\">\n\t\t\t\t\t<h2 class=\"elementor-heading-title elementor-size-default\">Our team is here to support you in successfully achieving your business objectives<\/h2>\t\t\t\t<\/div>\n\t\t\t\t<\/div>\n\t\t\t\t<div class=\"elementor-element elementor-element-c829641 elementor-align-center elementor-hidden-desktop elementor-hidden-tablet elementor-widget elementor-widget-button\" data-id=\"c829641\" data-element_type=\"widget\" data-e-type=\"widget\" data-widget_type=\"button.default\">\n\t\t\t\t<div class=\"elementor-widget-container\">\n\t\t\t\t\t\t\t\t\t<div class=\"elementor-button-wrapper\">\n\t\t\t\t\t<a class=\"elementor-button elementor-button-link elementor-size-md\" href=\"\/en\/contact\/\">\n\t\t\t\t\t\t<span class=\"elementor-button-content-wrapper\">\n\t\t\t\t\t\t\t\t\t<span class=\"elementor-button-text\">CONSULT ANDR\u00c9<\/span>\n\t\t\t\t\t<\/span>\n\t\t\t\t\t<\/a>\n\t\t\t\t<\/div>\n\t\t\t\t\t\t\t\t<\/div>\n\t\t\t\t<\/div>\n\t\t\t\t<div class=\"elementor-element elementor-element-dbf4270 elementor-align-center elementor-hidden-phone elementor-widget elementor-widget-button\" data-id=\"dbf4270\" data-element_type=\"widget\" data-e-type=\"widget\" data-widget_type=\"button.default\">\n\t\t\t\t<div class=\"elementor-widget-container\">\n\t\t\t\t\t\t\t\t\t<div class=\"elementor-button-wrapper\">\n\t\t\t\t\t<a class=\"elementor-button elementor-button-link elementor-size-xl\" href=\"\/en\/contact\/\">\n\t\t\t\t\t\t<span class=\"elementor-button-content-wrapper\">\n\t\t\t\t\t\t\t\t\t<span class=\"elementor-button-text\">CONSULT ANDR\u00c9<\/span>\n\t\t\t\t\t<\/span>\n\t\t\t\t\t<\/a>\n\t\t\t\t<\/div>\n\t\t\t\t\t\t\t\t<\/div>\n\t\t\t\t<\/div>\n\t\t\t\t\t<\/div>\n\t\t<\/div>\n\t\t\t\t\t<\/div>\n\t\t<\/section>\n\t\t\t\t<\/div>\n\t\t","protected":false},"excerpt":{"rendered":"<p>ANDR\u00c9 LAFONTAINE CPA, CBVFinancing and Business Sales &#038; Acquisitions Expert T : (514) 497-1895 BIOGRAPHY Andr\u00e9 is a partner and co-founder of EC2. As an entrepreneur, he has contributed to the growth of technology companies. He has successfully led several financing transactions and sold companies to European and American buyers. Andr\u00e9 maintains a close relationship [&hellip;]<\/p>\n","protected":false},"author":1,"featured_media":2747,"parent":2775,"menu_order":-9999,"comment_status":"closed","ping_status":"closed","template":"","meta":{"_acf_changed":false,"footnotes":""},"class_list":["post-2773","page","type-page","status-publish","has-post-thumbnail","hentry"],"acf":[],"yoast_head":"<!-- This site is optimized with the Yoast SEO plugin v27.4 - https:\/\/yoast.com\/product\/yoast-seo-wordpress\/ -->\n<title>Andr\u00e9 Lafontaine - Financing and Business Sales &amp; Acquisitions Expert - EC2<\/title>\n<meta name=\"robots\" content=\"index, follow, max-snippet:-1, max-image-preview:large, max-video-preview:-1\" \/>\n<link rel=\"canonical\" href=\"https:\/\/www.ec2finance.com\/en\/our-experts\/andre-lafontaine\/\" \/>\n<meta property=\"og:locale\" content=\"en_US\" \/>\n<meta property=\"og:type\" content=\"article\" \/>\n<meta property=\"og:title\" content=\"Andr\u00e9 Lafontaine - Financing and Business Sales &amp; Acquisitions Expert - EC2\" \/>\n<meta property=\"og:description\" content=\"ANDR\u00c9 LAFONTAINE CPA, CBVFinancing and Business Sales &#038; Acquisitions Expert T : (514) 497-1895 BIOGRAPHY Andr\u00e9 is a partner and co-founder of EC2. As an entrepreneur, he has contributed to the growth of technology companies. He has successfully led several financing transactions and sold companies to European and American buyers. Andr\u00e9 maintains a close relationship [&hellip;]\" \/>\n<meta property=\"og:url\" content=\"https:\/\/www.ec2finance.com\/en\/our-experts\/andre-lafontaine\/\" \/>\n<meta property=\"og:site_name\" content=\"EC2\" \/>\n<meta property=\"article:publisher\" content=\"https:\/\/www.facebook.com\/FirmeEC2\" \/>\n<meta property=\"article:modified_time\" content=\"2023-07-19T01:44:13+00:00\" \/>\n<meta property=\"og:image\" content=\"https:\/\/www.ec2finance.com\/wp-content\/uploads\/2021\/06\/EC2_PhotosSelection_MEMBRES_AndreLafontaine_V2.jpg\" \/>\n\t<meta property=\"og:image:width\" content=\"800\" \/>\n\t<meta property=\"og:image:height\" content=\"800\" \/>\n\t<meta property=\"og:image:type\" content=\"image\/jpeg\" \/>\n<meta name=\"twitter:card\" content=\"summary_large_image\" \/>\n<meta name=\"twitter:site\" content=\"@Ec2Finance\" \/>\n<meta name=\"twitter:label1\" content=\"Est. reading time\" \/>\n\t<meta name=\"twitter:data1\" content=\"1 minute\" \/>\n<script type=\"application\/ld+json\" class=\"yoast-schema-graph\">{\"@context\":\"https:\\\/\\\/schema.org\",\"@graph\":[{\"@type\":\"WebPage\",\"@id\":\"https:\\\/\\\/www.ec2finance.com\\\/en\\\/our-experts\\\/andre-lafontaine\\\/\",\"url\":\"https:\\\/\\\/www.ec2finance.com\\\/en\\\/our-experts\\\/andre-lafontaine\\\/\",\"name\":\"Andr\u00e9 Lafontaine - Financing and Business Sales & Acquisitions Expert - EC2\",\"isPartOf\":{\"@id\":\"https:\\\/\\\/www.ec2finance.com\\\/en\\\/#website\"},\"primaryImageOfPage\":{\"@id\":\"https:\\\/\\\/www.ec2finance.com\\\/en\\\/our-experts\\\/andre-lafontaine\\\/#primaryimage\"},\"image\":{\"@id\":\"https:\\\/\\\/www.ec2finance.com\\\/en\\\/our-experts\\\/andre-lafontaine\\\/#primaryimage\"},\"thumbnailUrl\":\"https:\\\/\\\/www.ec2finance.com\\\/wp-content\\\/uploads\\\/2021\\\/06\\\/EC2_PhotosSelection_MEMBRES_AndreLafontaine_V2.jpg\",\"datePublished\":\"2021-06-09T17:41:59+00:00\",\"dateModified\":\"2023-07-19T01:44:13+00:00\",\"breadcrumb\":{\"@id\":\"https:\\\/\\\/www.ec2finance.com\\\/en\\\/our-experts\\\/andre-lafontaine\\\/#breadcrumb\"},\"inLanguage\":\"en-US\",\"potentialAction\":[{\"@type\":\"ReadAction\",\"target\":[\"https:\\\/\\\/www.ec2finance.com\\\/en\\\/our-experts\\\/andre-lafontaine\\\/\"]}]},{\"@type\":\"ImageObject\",\"inLanguage\":\"en-US\",\"@id\":\"https:\\\/\\\/www.ec2finance.com\\\/en\\\/our-experts\\\/andre-lafontaine\\\/#primaryimage\",\"url\":\"https:\\\/\\\/www.ec2finance.com\\\/wp-content\\\/uploads\\\/2021\\\/06\\\/EC2_PhotosSelection_MEMBRES_AndreLafontaine_V2.jpg\",\"contentUrl\":\"https:\\\/\\\/www.ec2finance.com\\\/wp-content\\\/uploads\\\/2021\\\/06\\\/EC2_PhotosSelection_MEMBRES_AndreLafontaine_V2.jpg\",\"width\":800,\"height\":800},{\"@type\":\"BreadcrumbList\",\"@id\":\"https:\\\/\\\/www.ec2finance.com\\\/en\\\/our-experts\\\/andre-lafontaine\\\/#breadcrumb\",\"itemListElement\":[{\"@type\":\"ListItem\",\"position\":1,\"name\":\"Accueil\",\"item\":\"https:\\\/\\\/www.ec2finance.com\\\/en\\\/\"},{\"@type\":\"ListItem\",\"position\":2,\"name\":\"Our Experts\",\"item\":\"https:\\\/\\\/www.ec2finance.com\\\/en\\\/our-experts\\\/\"},{\"@type\":\"ListItem\",\"position\":3,\"name\":\"Andr\u00e9 Lafontaine\"}]},{\"@type\":\"WebSite\",\"@id\":\"https:\\\/\\\/www.ec2finance.com\\\/en\\\/#website\",\"url\":\"https:\\\/\\\/www.ec2finance.com\\\/en\\\/\",\"name\":\"EC2 Finance\",\"description\":\"Vente, acquisition et financement d\u2019entreprises\",\"publisher\":{\"@id\":\"https:\\\/\\\/www.ec2finance.com\\\/en\\\/#organization\"},\"alternateName\":\"EC2\",\"potentialAction\":[{\"@type\":\"SearchAction\",\"target\":{\"@type\":\"EntryPoint\",\"urlTemplate\":\"https:\\\/\\\/www.ec2finance.com\\\/en\\\/?s={search_term_string}\"},\"query-input\":{\"@type\":\"PropertyValueSpecification\",\"valueRequired\":true,\"valueName\":\"search_term_string\"}}],\"inLanguage\":\"en-US\"},{\"@type\":\"Organization\",\"@id\":\"https:\\\/\\\/www.ec2finance.com\\\/en\\\/#organization\",\"name\":\"EC2 Finance\",\"alternateName\":\"EC2\",\"url\":\"https:\\\/\\\/www.ec2finance.com\\\/en\\\/\",\"logo\":{\"@type\":\"ImageObject\",\"inLanguage\":\"en-US\",\"@id\":\"https:\\\/\\\/www.ec2finance.com\\\/en\\\/#\\\/schema\\\/logo\\\/image\\\/\",\"url\":\"https:\\\/\\\/www.ec2finance.com\\\/wp-content\\\/uploads\\\/2020\\\/10\\\/EC2_LogoSans.png\",\"contentUrl\":\"https:\\\/\\\/www.ec2finance.com\\\/wp-content\\\/uploads\\\/2020\\\/10\\\/EC2_LogoSans.png\",\"width\":800,\"height\":371,\"caption\":\"EC2 Finance\"},\"image\":{\"@id\":\"https:\\\/\\\/www.ec2finance.com\\\/en\\\/#\\\/schema\\\/logo\\\/image\\\/\"},\"sameAs\":[\"https:\\\/\\\/www.facebook.com\\\/FirmeEC2\",\"https:\\\/\\\/x.com\\\/Ec2Finance\"]}]}<\/script>\n<!-- \/ Yoast SEO plugin. -->","yoast_head_json":{"title":"Andr\u00e9 Lafontaine - Financing and Business Sales & Acquisitions Expert - EC2","robots":{"index":"index","follow":"follow","max-snippet":"max-snippet:-1","max-image-preview":"max-image-preview:large","max-video-preview":"max-video-preview:-1"},"canonical":"https:\/\/www.ec2finance.com\/en\/our-experts\/andre-lafontaine\/","og_locale":"en_US","og_type":"article","og_title":"Andr\u00e9 Lafontaine - Financing and Business Sales & Acquisitions Expert - EC2","og_description":"ANDR\u00c9 LAFONTAINE CPA, CBVFinancing and Business Sales &#038; Acquisitions Expert T : (514) 497-1895 BIOGRAPHY Andr\u00e9 is a partner and co-founder of EC2. As an entrepreneur, he has contributed to the growth of technology companies. He has successfully led several financing transactions and sold companies to European and American buyers. Andr\u00e9 maintains a close relationship [&hellip;]","og_url":"https:\/\/www.ec2finance.com\/en\/our-experts\/andre-lafontaine\/","og_site_name":"EC2","article_publisher":"https:\/\/www.facebook.com\/FirmeEC2","article_modified_time":"2023-07-19T01:44:13+00:00","og_image":[{"width":800,"height":800,"url":"https:\/\/www.ec2finance.com\/wp-content\/uploads\/2021\/06\/EC2_PhotosSelection_MEMBRES_AndreLafontaine_V2.jpg","type":"image\/jpeg"}],"twitter_card":"summary_large_image","twitter_site":"@Ec2Finance","twitter_misc":{"Est. reading time":"1 minute"},"schema":{"@context":"https:\/\/schema.org","@graph":[{"@type":"WebPage","@id":"https:\/\/www.ec2finance.com\/en\/our-experts\/andre-lafontaine\/","url":"https:\/\/www.ec2finance.com\/en\/our-experts\/andre-lafontaine\/","name":"Andr\u00e9 Lafontaine - Financing and Business Sales & Acquisitions Expert - EC2","isPartOf":{"@id":"https:\/\/www.ec2finance.com\/en\/#website"},"primaryImageOfPage":{"@id":"https:\/\/www.ec2finance.com\/en\/our-experts\/andre-lafontaine\/#primaryimage"},"image":{"@id":"https:\/\/www.ec2finance.com\/en\/our-experts\/andre-lafontaine\/#primaryimage"},"thumbnailUrl":"https:\/\/www.ec2finance.com\/wp-content\/uploads\/2021\/06\/EC2_PhotosSelection_MEMBRES_AndreLafontaine_V2.jpg","datePublished":"2021-06-09T17:41:59+00:00","dateModified":"2023-07-19T01:44:13+00:00","breadcrumb":{"@id":"https:\/\/www.ec2finance.com\/en\/our-experts\/andre-lafontaine\/#breadcrumb"},"inLanguage":"en-US","potentialAction":[{"@type":"ReadAction","target":["https:\/\/www.ec2finance.com\/en\/our-experts\/andre-lafontaine\/"]}]},{"@type":"ImageObject","inLanguage":"en-US","@id":"https:\/\/www.ec2finance.com\/en\/our-experts\/andre-lafontaine\/#primaryimage","url":"https:\/\/www.ec2finance.com\/wp-content\/uploads\/2021\/06\/EC2_PhotosSelection_MEMBRES_AndreLafontaine_V2.jpg","contentUrl":"https:\/\/www.ec2finance.com\/wp-content\/uploads\/2021\/06\/EC2_PhotosSelection_MEMBRES_AndreLafontaine_V2.jpg","width":800,"height":800},{"@type":"BreadcrumbList","@id":"https:\/\/www.ec2finance.com\/en\/our-experts\/andre-lafontaine\/#breadcrumb","itemListElement":[{"@type":"ListItem","position":1,"name":"Accueil","item":"https:\/\/www.ec2finance.com\/en\/"},{"@type":"ListItem","position":2,"name":"Our Experts","item":"https:\/\/www.ec2finance.com\/en\/our-experts\/"},{"@type":"ListItem","position":3,"name":"Andr\u00e9 Lafontaine"}]},{"@type":"WebSite","@id":"https:\/\/www.ec2finance.com\/en\/#website","url":"https:\/\/www.ec2finance.com\/en\/","name":"EC2 Finance","description":"Vente, acquisition et financement d\u2019entreprises","publisher":{"@id":"https:\/\/www.ec2finance.com\/en\/#organization"},"alternateName":"EC2","potentialAction":[{"@type":"SearchAction","target":{"@type":"EntryPoint","urlTemplate":"https:\/\/www.ec2finance.com\/en\/?s={search_term_string}"},"query-input":{"@type":"PropertyValueSpecification","valueRequired":true,"valueName":"search_term_string"}}],"inLanguage":"en-US"},{"@type":"Organization","@id":"https:\/\/www.ec2finance.com\/en\/#organization","name":"EC2 Finance","alternateName":"EC2","url":"https:\/\/www.ec2finance.com\/en\/","logo":{"@type":"ImageObject","inLanguage":"en-US","@id":"https:\/\/www.ec2finance.com\/en\/#\/schema\/logo\/image\/","url":"https:\/\/www.ec2finance.com\/wp-content\/uploads\/2020\/10\/EC2_LogoSans.png","contentUrl":"https:\/\/www.ec2finance.com\/wp-content\/uploads\/2020\/10\/EC2_LogoSans.png","width":800,"height":371,"caption":"EC2 Finance"},"image":{"@id":"https:\/\/www.ec2finance.com\/en\/#\/schema\/logo\/image\/"},"sameAs":["https:\/\/www.facebook.com\/FirmeEC2","https:\/\/x.com\/Ec2Finance"]}]}},"_links":{"self":[{"href":"https:\/\/www.ec2finance.com\/en\/wp-json\/wp\/v2\/pages\/2773","targetHints":{"allow":["GET"]}}],"collection":[{"href":"https:\/\/www.ec2finance.com\/en\/wp-json\/wp\/v2\/pages"}],"about":[{"href":"https:\/\/www.ec2finance.com\/en\/wp-json\/wp\/v2\/types\/page"}],"author":[{"embeddable":true,"href":"https:\/\/www.ec2finance.com\/en\/wp-json\/wp\/v2\/users\/1"}],"replies":[{"embeddable":true,"href":"https:\/\/www.ec2finance.com\/en\/wp-json\/wp\/v2\/comments?post=2773"}],"version-history":[{"count":40,"href":"https:\/\/www.ec2finance.com\/en\/wp-json\/wp\/v2\/pages\/2773\/revisions"}],"predecessor-version":[{"id":5610,"href":"https:\/\/www.ec2finance.com\/en\/wp-json\/wp\/v2\/pages\/2773\/revisions\/5610"}],"up":[{"embeddable":true,"href":"https:\/\/www.ec2finance.com\/en\/wp-json\/wp\/v2\/pages\/2775"}],"wp:featuredmedia":[{"embeddable":true,"href":"https:\/\/www.ec2finance.com\/en\/wp-json\/wp\/v2\/media\/2747"}],"wp:attachment":[{"href":"https:\/\/www.ec2finance.com\/en\/wp-json\/wp\/v2\/media?parent=2773"}],"curies":[{"name":"wp","href":"https:\/\/api.w.org\/{rel}","templated":true}]}}