{"id":2771,"date":"2021-06-09T13:02:44","date_gmt":"2021-06-09T18:02:44","guid":{"rendered":"https:\/\/beta.ec2finance.com\/wandrille-lefevre\/"},"modified":"2023-07-18T21:52:06","modified_gmt":"2023-07-19T01:52:06","slug":"wandrille-lefevre","status":"publish","type":"page","link":"https:\/\/www.ec2finance.com\/en\/our-experts\/wandrille-lefevre\/","title":{"rendered":"Wandrille Lef\u00e8vre"},"content":{"rendered":"\t\t<div data-elementor-type=\"wp-page\" data-elementor-id=\"2771\" class=\"elementor elementor-2771 elementor-797\" data-elementor-post-type=\"page\">\n\t\t\t\t\t\t<section class=\"elementor-section elementor-top-section elementor-element elementor-element-697fdec elementor-section-full_width elementor-section-height-min-height elementor-section-height-default elementor-section-items-middle\" data-id=\"697fdec\" data-element_type=\"section\" data-e-type=\"section\" data-settings=\"{&quot;background_background&quot;:&quot;classic&quot;}\">\n\t\t\t\t\t\t<div class=\"elementor-container elementor-column-gap-default\">\n\t\t\t\t\t<div class=\"elementor-column elementor-col-100 elementor-top-column elementor-element elementor-element-ae46d59\" data-id=\"ae46d59\" data-element_type=\"column\" data-e-type=\"column\">\n\t\t\t<div class=\"elementor-widget-wrap elementor-element-populated\">\n\t\t\t\t\t\t<div class=\"elementor-element elementor-element-45c5150 elementor-widget elementor-widget-breadcrumbs\" data-id=\"45c5150\" data-element_type=\"widget\" data-e-type=\"widget\" data-widget_type=\"breadcrumbs.default\">\n\t\t\t\t<div class=\"elementor-widget-container\">\n\t\t\t\t\t<p id=\"breadcrumbs\"><span><span><a href=\"https:\/\/www.ec2finance.com\/en\/\">Accueil<\/a><\/span><\/span><\/p>\t\t\t\t<\/div>\n\t\t\t\t<\/div>\n\t\t\t\t\t<\/div>\n\t\t<\/div>\n\t\t\t\t\t<\/div>\n\t\t<\/section>\n\t\t\t\t<section class=\"elementor-section elementor-top-section elementor-element elementor-element-4ee0ee4 elementor-section-full_width elementor-section-height-default elementor-section-height-default\" data-id=\"4ee0ee4\" data-element_type=\"section\" data-e-type=\"section\" data-settings=\"{&quot;background_background&quot;:&quot;classic&quot;}\">\n\t\t\t\t\t\t\t<div class=\"elementor-background-overlay\"><\/div>\n\t\t\t\t\t\t\t<div class=\"elementor-container elementor-column-gap-default\">\n\t\t\t\t\t<div class=\"elementor-column elementor-col-50 elementor-top-column elementor-element elementor-element-d70a93e\" data-id=\"d70a93e\" data-element_type=\"column\" data-e-type=\"column\">\n\t\t\t<div class=\"elementor-widget-wrap elementor-element-populated\">\n\t\t\t\t\t\t<div class=\"elementor-element elementor-element-91ae461 elementor-widget elementor-widget-image\" data-id=\"91ae461\" data-element_type=\"widget\" data-e-type=\"widget\" data-widget_type=\"image.default\">\n\t\t\t\t<div class=\"elementor-widget-container\">\n\t\t\t\t\t\t\t\t\t\t\t\t\t\t\t<img fetchpriority=\"high\" decoding=\"async\" width=\"800\" height=\"800\" src=\"https:\/\/www.ec2finance.com\/wp-content\/uploads\/2021\/06\/EC2_PhotosSelection_MEMBRES_WandrilleLefevre_V2.jpg\" class=\"attachment-full size-full wp-image-2752\" alt=\"\" srcset=\"https:\/\/www.ec2finance.com\/wp-content\/uploads\/2021\/06\/EC2_PhotosSelection_MEMBRES_WandrilleLefevre_V2.jpg 800w, https:\/\/www.ec2finance.com\/wp-content\/uploads\/2021\/06\/EC2_PhotosSelection_MEMBRES_WandrilleLefevre_V2-300x300.jpg 300w, https:\/\/www.ec2finance.com\/wp-content\/uploads\/2021\/06\/EC2_PhotosSelection_MEMBRES_WandrilleLefevre_V2-150x150.jpg 150w, https:\/\/www.ec2finance.com\/wp-content\/uploads\/2021\/06\/EC2_PhotosSelection_MEMBRES_WandrilleLefevre_V2-768x768.jpg 768w\" sizes=\"(max-width: 800px) 100vw, 800px\" \/>\t\t\t\t\t\t\t\t\t\t\t\t\t\t\t<\/div>\n\t\t\t\t<\/div>\n\t\t\t\t\t<\/div>\n\t\t<\/div>\n\t\t\t\t<div class=\"elementor-column elementor-col-50 elementor-top-column elementor-element elementor-element-cbc14e8\" data-id=\"cbc14e8\" data-element_type=\"column\" data-e-type=\"column\">\n\t\t\t<div class=\"elementor-widget-wrap elementor-element-populated\">\n\t\t\t\t\t\t<div class=\"elementor-element elementor-element-e2c8fa6 elementor-widget elementor-widget-text-editor\" data-id=\"e2c8fa6\" data-element_type=\"widget\" data-e-type=\"widget\" data-widget_type=\"text-editor.default\">\n\t\t\t\t<div class=\"elementor-widget-container\">\n\t\t\t\t\t\t\t\t\t<h1>WANDRILLE LEF\u00c8VRE<\/h1>\n<small>CPA<\/small>\t\t\t\t\t\t\t\t<\/div>\n\t\t\t\t<\/div>\n\t\t\t\t<div class=\"elementor-element elementor-element-4cf6f8c elementor-widget elementor-widget-text-editor\" data-id=\"4cf6f8c\" data-element_type=\"widget\" data-e-type=\"widget\" data-widget_type=\"text-editor.default\">\n\t\t\t\t<div class=\"elementor-widget-container\">\n\t\t\t\t\t\t\t\t\tFinancing and Business Sales &#038; Acquisitions Expert\t\t\t\t\t\t\t\t<\/div>\n\t\t\t\t<\/div>\n\t\t\t\t<div class=\"elementor-element elementor-element-c36b60d elementor-widget elementor-widget-text-editor\" data-id=\"c36b60d\" data-element_type=\"widget\" data-e-type=\"widget\" data-widget_type=\"text-editor.default\">\n\t\t\t\t<div class=\"elementor-widget-container\">\n\t\t\t\t\t\t\t\t\tT : <a style=\"color: #00a7e1;\" href=\"tel:+151495629294\">(514) 562-9294<\/a>\t\t\t\t\t\t\t\t<\/div>\n\t\t\t\t<\/div>\n\t\t\t\t<div class=\"elementor-element elementor-element-6d2ae5c elementor-icon-list--layout-inline elementor-list-item-link-full_width elementor-widget elementor-widget-icon-list\" data-id=\"6d2ae5c\" data-element_type=\"widget\" data-e-type=\"widget\" data-widget_type=\"icon-list.default\">\n\t\t\t\t<div class=\"elementor-widget-container\">\n\t\t\t\t\t\t\t<ul class=\"elementor-icon-list-items elementor-inline-items\">\n\t\t\t\t\t\t\t<li class=\"elementor-icon-list-item elementor-inline-item\">\n\t\t\t\t\t\t\t\t\t\t\t<a href=\"mailto:wlefevre@ec2finance.com\">\n\n\t\t\t\t\t\t\t\t\t\t\t\t<span class=\"elementor-icon-list-icon\">\n\t\t\t\t\t\t\t<i aria-hidden=\"true\" class=\"far fa-envelope\"><\/i>\t\t\t\t\t\t<\/span>\n\t\t\t\t\t\t\t\t\t\t<span class=\"elementor-icon-list-text\"><\/span>\n\t\t\t\t\t\t\t\t\t\t\t<\/a>\n\t\t\t\t\t\t\t\t\t<\/li>\n\t\t\t\t\t\t\t\t<li class=\"elementor-icon-list-item elementor-inline-item\">\n\t\t\t\t\t\t\t\t\t\t\t<a href=\"https:\/\/www.linkedin.com\/in\/wandrille-lefevre-cpa-cma-b089b2138\/\" target=\"_blank\">\n\n\t\t\t\t\t\t\t\t\t\t\t\t<span class=\"elementor-icon-list-icon\">\n\t\t\t\t\t\t\t<i aria-hidden=\"true\" class=\"fab fa-linkedin-in\"><\/i>\t\t\t\t\t\t<\/span>\n\t\t\t\t\t\t\t\t\t\t<span class=\"elementor-icon-list-text\"><\/span>\n\t\t\t\t\t\t\t\t\t\t\t<\/a>\n\t\t\t\t\t\t\t\t\t<\/li>\n\t\t\t\t\t\t<\/ul>\n\t\t\t\t\t\t<\/div>\n\t\t\t\t<\/div>\n\t\t\t\t\t<\/div>\n\t\t<\/div>\n\t\t\t\t\t<\/div>\n\t\t<\/section>\n\t\t\t\t<section class=\"elementor-section elementor-top-section elementor-element elementor-element-49aac4d elementor-section-full_width elementor-section-height-min-height elementor-section-height-default elementor-section-items-middle\" data-id=\"49aac4d\" data-element_type=\"section\" data-e-type=\"section\" data-settings=\"{&quot;background_background&quot;:&quot;classic&quot;}\">\n\t\t\t\t\t\t<div class=\"elementor-container elementor-column-gap-default\">\n\t\t\t\t\t<div class=\"elementor-column elementor-col-100 elementor-top-column elementor-element elementor-element-a598661\" data-id=\"a598661\" data-element_type=\"column\" data-e-type=\"column\">\n\t\t\t<div class=\"elementor-widget-wrap elementor-element-populated\">\n\t\t\t\t\t\t<div class=\"elementor-element elementor-element-8e5f1cc elementor-widget elementor-widget-heading\" data-id=\"8e5f1cc\" data-element_type=\"widget\" data-e-type=\"widget\" data-widget_type=\"heading.default\">\n\t\t\t\t<div class=\"elementor-widget-container\">\n\t\t\t\t\t<h2 class=\"elementor-heading-title elementor-size-default\">BIOGRAPHY<\/h2>\t\t\t\t<\/div>\n\t\t\t\t<\/div>\n\t\t\t\t<div class=\"elementor-element elementor-element-056e205 elementor-widget elementor-widget-text-editor\" data-id=\"056e205\" data-element_type=\"widget\" data-e-type=\"widget\" data-widget_type=\"text-editor.default\">\n\t\t\t\t<div class=\"elementor-widget-container\">\n\t\t\t\t\t\t\t\t\t<p>Wandrille is a partner and co-founder of EC2, and a member of the <em>Ordre des comptables professionnels agr\u00e9\u00e9s du Qu\u00e9bec<\/em> (CPA). He has been advising entrepreneurs all over the province about business financing and transfers for the last three years at Capital Conseil. During this time, he acquired in-depth expertise in the purchase and sale of businesses. He also helped several companies grow their business.<\/p><p>From 2011 to 2017, Wandrille was a professional soccer player for the Montreal Impact (now CF Montr\u00e9al) and Canada\u2019s national team. An excellent communicator, he was also a speaker for various organizations in addition to being a sports analyst for television and radio (RDS, TVA Sport, 98.5 FM). His competitive nature and hard work allowed him to combine his sports career with his studies. He obtained a Bachelor&#8217;s degree in trilingual business administration from HEC Montr\u00e9al as well as his CPA-CMA designation by completing the strategic leadership program.<\/p>\t\t\t\t\t\t\t\t<\/div>\n\t\t\t\t<\/div>\n\t\t\t\t\t<\/div>\n\t\t<\/div>\n\t\t\t\t\t<\/div>\n\t\t<\/section>\n\t\t\t\t<section class=\"elementor-section elementor-top-section elementor-element elementor-element-e637d9b elementor-section-full_width elementor-section-height-min-height elementor-section-height-default elementor-section-items-middle\" data-id=\"e637d9b\" data-element_type=\"section\" data-e-type=\"section\" data-settings=\"{&quot;background_background&quot;:&quot;classic&quot;}\">\n\t\t\t\t\t\t\t<div class=\"elementor-background-overlay\"><\/div>\n\t\t\t\t\t\t\t<div class=\"elementor-container elementor-column-gap-default\">\n\t\t\t\t\t<div class=\"elementor-column elementor-col-100 elementor-top-column elementor-element elementor-element-ed093f6\" data-id=\"ed093f6\" data-element_type=\"column\" data-e-type=\"column\">\n\t\t\t<div class=\"elementor-widget-wrap elementor-element-populated\">\n\t\t\t\t\t\t<div class=\"elementor-element elementor-element-0688b41 elementor-widget elementor-widget-heading\" data-id=\"0688b41\" data-element_type=\"widget\" data-e-type=\"widget\" data-widget_type=\"heading.default\">\n\t\t\t\t<div class=\"elementor-widget-container\">\n\t\t\t\t\t<h2 class=\"elementor-heading-title elementor-size-default\">Our team is here to support you in successfully achieving your business objectives<\/h2>\t\t\t\t<\/div>\n\t\t\t\t<\/div>\n\t\t\t\t<div class=\"elementor-element elementor-element-97a3d7a elementor-align-center elementor-hidden-desktop elementor-hidden-tablet elementor-widget elementor-widget-button\" data-id=\"97a3d7a\" data-element_type=\"widget\" data-e-type=\"widget\" data-widget_type=\"button.default\">\n\t\t\t\t<div class=\"elementor-widget-container\">\n\t\t\t\t\t\t\t\t\t<div class=\"elementor-button-wrapper\">\n\t\t\t\t\t<a class=\"elementor-button elementor-button-link elementor-size-md\" href=\"\/en\/contact\/\">\n\t\t\t\t\t\t<span class=\"elementor-button-content-wrapper\">\n\t\t\t\t\t\t\t\t\t<span class=\"elementor-button-text\">CONSULT WANDRILLE<\/span>\n\t\t\t\t\t<\/span>\n\t\t\t\t\t<\/a>\n\t\t\t\t<\/div>\n\t\t\t\t\t\t\t\t<\/div>\n\t\t\t\t<\/div>\n\t\t\t\t<div class=\"elementor-element elementor-element-80ba6dc elementor-align-center elementor-hidden-phone elementor-widget elementor-widget-button\" data-id=\"80ba6dc\" data-element_type=\"widget\" data-e-type=\"widget\" data-widget_type=\"button.default\">\n\t\t\t\t<div class=\"elementor-widget-container\">\n\t\t\t\t\t\t\t\t\t<div class=\"elementor-button-wrapper\">\n\t\t\t\t\t<a class=\"elementor-button elementor-button-link elementor-size-xl\" href=\"\/en\/contact\/\">\n\t\t\t\t\t\t<span class=\"elementor-button-content-wrapper\">\n\t\t\t\t\t\t\t\t\t<span class=\"elementor-button-text\">CONSULT WANDRILLE<\/span>\n\t\t\t\t\t<\/span>\n\t\t\t\t\t<\/a>\n\t\t\t\t<\/div>\n\t\t\t\t\t\t\t\t<\/div>\n\t\t\t\t<\/div>\n\t\t\t\t\t<\/div>\n\t\t<\/div>\n\t\t\t\t\t<\/div>\n\t\t<\/section>\n\t\t\t\t<\/div>\n\t\t","protected":false},"excerpt":{"rendered":"<p>WANDRILLE LEF\u00c8VRE CPAFinancing and Business Sales &#038; Acquisitions ExpertT : (514) 562-9294 BIOGRAPHY Wandrille is a partner and co-founder of EC2, and a member of the Ordre des comptables professionnels agr\u00e9\u00e9s du Qu\u00e9bec (CPA). He has been advising entrepreneurs all over the province about business financing and transfers for the last three years at Capital [&hellip;]<\/p>\n","protected":false},"author":1,"featured_media":2752,"parent":2775,"menu_order":-9999,"comment_status":"closed","ping_status":"closed","template":"","meta":{"_acf_changed":false,"footnotes":""},"class_list":["post-2771","page","type-page","status-publish","has-post-thumbnail","hentry"],"acf":[],"yoast_head":"<!-- This site is optimized with the Yoast SEO plugin v27.4 - https:\/\/yoast.com\/product\/yoast-seo-wordpress\/ -->\n<title>Wandrille Lef\u00e8vre - Financing and Business Sales &amp; Acquisitions Expert - EC2<\/title>\n<meta name=\"robots\" content=\"index, follow, max-snippet:-1, max-image-preview:large, max-video-preview:-1\" \/>\n<link rel=\"canonical\" href=\"https:\/\/www.ec2finance.com\/en\/our-experts\/wandrille-lefevre\/\" \/>\n<meta property=\"og:locale\" content=\"en_US\" \/>\n<meta property=\"og:type\" content=\"article\" \/>\n<meta property=\"og:title\" content=\"Wandrille Lef\u00e8vre - Financing and Business Sales &amp; Acquisitions Expert - EC2\" \/>\n<meta property=\"og:description\" content=\"WANDRILLE LEF\u00c8VRE CPAFinancing and Business Sales &#038; Acquisitions ExpertT : (514) 562-9294 BIOGRAPHY Wandrille is a partner and co-founder of EC2, and a member of the Ordre des comptables professionnels agr\u00e9\u00e9s du Qu\u00e9bec (CPA). He has been advising entrepreneurs all over the province about business financing and transfers for the last three years at Capital [&hellip;]\" \/>\n<meta property=\"og:url\" content=\"https:\/\/www.ec2finance.com\/en\/our-experts\/wandrille-lefevre\/\" \/>\n<meta property=\"og:site_name\" content=\"EC2\" \/>\n<meta property=\"article:publisher\" content=\"https:\/\/www.facebook.com\/FirmeEC2\" \/>\n<meta property=\"article:modified_time\" content=\"2023-07-19T01:52:06+00:00\" \/>\n<meta property=\"og:image\" content=\"https:\/\/www.ec2finance.com\/wp-content\/uploads\/2021\/06\/EC2_PhotosSelection_MEMBRES_WandrilleLefevre_V2.jpg\" \/>\n\t<meta property=\"og:image:width\" content=\"800\" \/>\n\t<meta property=\"og:image:height\" content=\"800\" \/>\n\t<meta property=\"og:image:type\" content=\"image\/jpeg\" \/>\n<meta name=\"twitter:card\" content=\"summary_large_image\" \/>\n<meta name=\"twitter:site\" content=\"@Ec2Finance\" \/>\n<meta name=\"twitter:label1\" content=\"Est. reading time\" \/>\n\t<meta name=\"twitter:data1\" content=\"2 minutes\" \/>\n<script type=\"application\/ld+json\" class=\"yoast-schema-graph\">{\"@context\":\"https:\\\/\\\/schema.org\",\"@graph\":[{\"@type\":\"WebPage\",\"@id\":\"https:\\\/\\\/www.ec2finance.com\\\/en\\\/our-experts\\\/wandrille-lefevre\\\/\",\"url\":\"https:\\\/\\\/www.ec2finance.com\\\/en\\\/our-experts\\\/wandrille-lefevre\\\/\",\"name\":\"Wandrille Lef\u00e8vre - Financing and Business Sales & Acquisitions Expert - EC2\",\"isPartOf\":{\"@id\":\"https:\\\/\\\/www.ec2finance.com\\\/en\\\/#website\"},\"primaryImageOfPage\":{\"@id\":\"https:\\\/\\\/www.ec2finance.com\\\/en\\\/our-experts\\\/wandrille-lefevre\\\/#primaryimage\"},\"image\":{\"@id\":\"https:\\\/\\\/www.ec2finance.com\\\/en\\\/our-experts\\\/wandrille-lefevre\\\/#primaryimage\"},\"thumbnailUrl\":\"https:\\\/\\\/www.ec2finance.com\\\/wp-content\\\/uploads\\\/2021\\\/06\\\/EC2_PhotosSelection_MEMBRES_WandrilleLefevre_V2.jpg\",\"datePublished\":\"2021-06-09T18:02:44+00:00\",\"dateModified\":\"2023-07-19T01:52:06+00:00\",\"breadcrumb\":{\"@id\":\"https:\\\/\\\/www.ec2finance.com\\\/en\\\/our-experts\\\/wandrille-lefevre\\\/#breadcrumb\"},\"inLanguage\":\"en-US\",\"potentialAction\":[{\"@type\":\"ReadAction\",\"target\":[\"https:\\\/\\\/www.ec2finance.com\\\/en\\\/our-experts\\\/wandrille-lefevre\\\/\"]}]},{\"@type\":\"ImageObject\",\"inLanguage\":\"en-US\",\"@id\":\"https:\\\/\\\/www.ec2finance.com\\\/en\\\/our-experts\\\/wandrille-lefevre\\\/#primaryimage\",\"url\":\"https:\\\/\\\/www.ec2finance.com\\\/wp-content\\\/uploads\\\/2021\\\/06\\\/EC2_PhotosSelection_MEMBRES_WandrilleLefevre_V2.jpg\",\"contentUrl\":\"https:\\\/\\\/www.ec2finance.com\\\/wp-content\\\/uploads\\\/2021\\\/06\\\/EC2_PhotosSelection_MEMBRES_WandrilleLefevre_V2.jpg\",\"width\":800,\"height\":800},{\"@type\":\"BreadcrumbList\",\"@id\":\"https:\\\/\\\/www.ec2finance.com\\\/en\\\/our-experts\\\/wandrille-lefevre\\\/#breadcrumb\",\"itemListElement\":[{\"@type\":\"ListItem\",\"position\":1,\"name\":\"Accueil\",\"item\":\"https:\\\/\\\/www.ec2finance.com\\\/en\\\/\"},{\"@type\":\"ListItem\",\"position\":2,\"name\":\"Our Experts\",\"item\":\"https:\\\/\\\/www.ec2finance.com\\\/en\\\/our-experts\\\/\"},{\"@type\":\"ListItem\",\"position\":3,\"name\":\"Wandrille Lef\u00e8vre\"}]},{\"@type\":\"WebSite\",\"@id\":\"https:\\\/\\\/www.ec2finance.com\\\/en\\\/#website\",\"url\":\"https:\\\/\\\/www.ec2finance.com\\\/en\\\/\",\"name\":\"EC2 Finance\",\"description\":\"Vente, acquisition et financement d\u2019entreprises\",\"publisher\":{\"@id\":\"https:\\\/\\\/www.ec2finance.com\\\/en\\\/#organization\"},\"alternateName\":\"EC2\",\"potentialAction\":[{\"@type\":\"SearchAction\",\"target\":{\"@type\":\"EntryPoint\",\"urlTemplate\":\"https:\\\/\\\/www.ec2finance.com\\\/en\\\/?s={search_term_string}\"},\"query-input\":{\"@type\":\"PropertyValueSpecification\",\"valueRequired\":true,\"valueName\":\"search_term_string\"}}],\"inLanguage\":\"en-US\"},{\"@type\":\"Organization\",\"@id\":\"https:\\\/\\\/www.ec2finance.com\\\/en\\\/#organization\",\"name\":\"EC2 Finance\",\"alternateName\":\"EC2\",\"url\":\"https:\\\/\\\/www.ec2finance.com\\\/en\\\/\",\"logo\":{\"@type\":\"ImageObject\",\"inLanguage\":\"en-US\",\"@id\":\"https:\\\/\\\/www.ec2finance.com\\\/en\\\/#\\\/schema\\\/logo\\\/image\\\/\",\"url\":\"https:\\\/\\\/www.ec2finance.com\\\/wp-content\\\/uploads\\\/2020\\\/10\\\/EC2_LogoSans.png\",\"contentUrl\":\"https:\\\/\\\/www.ec2finance.com\\\/wp-content\\\/uploads\\\/2020\\\/10\\\/EC2_LogoSans.png\",\"width\":800,\"height\":371,\"caption\":\"EC2 Finance\"},\"image\":{\"@id\":\"https:\\\/\\\/www.ec2finance.com\\\/en\\\/#\\\/schema\\\/logo\\\/image\\\/\"},\"sameAs\":[\"https:\\\/\\\/www.facebook.com\\\/FirmeEC2\",\"https:\\\/\\\/x.com\\\/Ec2Finance\"]}]}<\/script>\n<!-- \/ Yoast SEO plugin. -->","yoast_head_json":{"title":"Wandrille Lef\u00e8vre - Financing and Business Sales & Acquisitions Expert - EC2","robots":{"index":"index","follow":"follow","max-snippet":"max-snippet:-1","max-image-preview":"max-image-preview:large","max-video-preview":"max-video-preview:-1"},"canonical":"https:\/\/www.ec2finance.com\/en\/our-experts\/wandrille-lefevre\/","og_locale":"en_US","og_type":"article","og_title":"Wandrille Lef\u00e8vre - Financing and Business Sales & Acquisitions Expert - EC2","og_description":"WANDRILLE LEF\u00c8VRE CPAFinancing and Business Sales &#038; Acquisitions ExpertT : (514) 562-9294 BIOGRAPHY Wandrille is a partner and co-founder of EC2, and a member of the Ordre des comptables professionnels agr\u00e9\u00e9s du Qu\u00e9bec (CPA). He has been advising entrepreneurs all over the province about business financing and transfers for the last three years at Capital [&hellip;]","og_url":"https:\/\/www.ec2finance.com\/en\/our-experts\/wandrille-lefevre\/","og_site_name":"EC2","article_publisher":"https:\/\/www.facebook.com\/FirmeEC2","article_modified_time":"2023-07-19T01:52:06+00:00","og_image":[{"width":800,"height":800,"url":"https:\/\/www.ec2finance.com\/wp-content\/uploads\/2021\/06\/EC2_PhotosSelection_MEMBRES_WandrilleLefevre_V2.jpg","type":"image\/jpeg"}],"twitter_card":"summary_large_image","twitter_site":"@Ec2Finance","twitter_misc":{"Est. reading time":"2 minutes"},"schema":{"@context":"https:\/\/schema.org","@graph":[{"@type":"WebPage","@id":"https:\/\/www.ec2finance.com\/en\/our-experts\/wandrille-lefevre\/","url":"https:\/\/www.ec2finance.com\/en\/our-experts\/wandrille-lefevre\/","name":"Wandrille Lef\u00e8vre - Financing and Business Sales & Acquisitions Expert - EC2","isPartOf":{"@id":"https:\/\/www.ec2finance.com\/en\/#website"},"primaryImageOfPage":{"@id":"https:\/\/www.ec2finance.com\/en\/our-experts\/wandrille-lefevre\/#primaryimage"},"image":{"@id":"https:\/\/www.ec2finance.com\/en\/our-experts\/wandrille-lefevre\/#primaryimage"},"thumbnailUrl":"https:\/\/www.ec2finance.com\/wp-content\/uploads\/2021\/06\/EC2_PhotosSelection_MEMBRES_WandrilleLefevre_V2.jpg","datePublished":"2021-06-09T18:02:44+00:00","dateModified":"2023-07-19T01:52:06+00:00","breadcrumb":{"@id":"https:\/\/www.ec2finance.com\/en\/our-experts\/wandrille-lefevre\/#breadcrumb"},"inLanguage":"en-US","potentialAction":[{"@type":"ReadAction","target":["https:\/\/www.ec2finance.com\/en\/our-experts\/wandrille-lefevre\/"]}]},{"@type":"ImageObject","inLanguage":"en-US","@id":"https:\/\/www.ec2finance.com\/en\/our-experts\/wandrille-lefevre\/#primaryimage","url":"https:\/\/www.ec2finance.com\/wp-content\/uploads\/2021\/06\/EC2_PhotosSelection_MEMBRES_WandrilleLefevre_V2.jpg","contentUrl":"https:\/\/www.ec2finance.com\/wp-content\/uploads\/2021\/06\/EC2_PhotosSelection_MEMBRES_WandrilleLefevre_V2.jpg","width":800,"height":800},{"@type":"BreadcrumbList","@id":"https:\/\/www.ec2finance.com\/en\/our-experts\/wandrille-lefevre\/#breadcrumb","itemListElement":[{"@type":"ListItem","position":1,"name":"Accueil","item":"https:\/\/www.ec2finance.com\/en\/"},{"@type":"ListItem","position":2,"name":"Our Experts","item":"https:\/\/www.ec2finance.com\/en\/our-experts\/"},{"@type":"ListItem","position":3,"name":"Wandrille Lef\u00e8vre"}]},{"@type":"WebSite","@id":"https:\/\/www.ec2finance.com\/en\/#website","url":"https:\/\/www.ec2finance.com\/en\/","name":"EC2 Finance","description":"Vente, acquisition et financement d\u2019entreprises","publisher":{"@id":"https:\/\/www.ec2finance.com\/en\/#organization"},"alternateName":"EC2","potentialAction":[{"@type":"SearchAction","target":{"@type":"EntryPoint","urlTemplate":"https:\/\/www.ec2finance.com\/en\/?s={search_term_string}"},"query-input":{"@type":"PropertyValueSpecification","valueRequired":true,"valueName":"search_term_string"}}],"inLanguage":"en-US"},{"@type":"Organization","@id":"https:\/\/www.ec2finance.com\/en\/#organization","name":"EC2 Finance","alternateName":"EC2","url":"https:\/\/www.ec2finance.com\/en\/","logo":{"@type":"ImageObject","inLanguage":"en-US","@id":"https:\/\/www.ec2finance.com\/en\/#\/schema\/logo\/image\/","url":"https:\/\/www.ec2finance.com\/wp-content\/uploads\/2020\/10\/EC2_LogoSans.png","contentUrl":"https:\/\/www.ec2finance.com\/wp-content\/uploads\/2020\/10\/EC2_LogoSans.png","width":800,"height":371,"caption":"EC2 Finance"},"image":{"@id":"https:\/\/www.ec2finance.com\/en\/#\/schema\/logo\/image\/"},"sameAs":["https:\/\/www.facebook.com\/FirmeEC2","https:\/\/x.com\/Ec2Finance"]}]}},"_links":{"self":[{"href":"https:\/\/www.ec2finance.com\/en\/wp-json\/wp\/v2\/pages\/2771","targetHints":{"allow":["GET"]}}],"collection":[{"href":"https:\/\/www.ec2finance.com\/en\/wp-json\/wp\/v2\/pages"}],"about":[{"href":"https:\/\/www.ec2finance.com\/en\/wp-json\/wp\/v2\/types\/page"}],"author":[{"embeddable":true,"href":"https:\/\/www.ec2finance.com\/en\/wp-json\/wp\/v2\/users\/1"}],"replies":[{"embeddable":true,"href":"https:\/\/www.ec2finance.com\/en\/wp-json\/wp\/v2\/comments?post=2771"}],"version-history":[{"count":25,"href":"https:\/\/www.ec2finance.com\/en\/wp-json\/wp\/v2\/pages\/2771\/revisions"}],"predecessor-version":[{"id":5641,"href":"https:\/\/www.ec2finance.com\/en\/wp-json\/wp\/v2\/pages\/2771\/revisions\/5641"}],"up":[{"embeddable":true,"href":"https:\/\/www.ec2finance.com\/en\/wp-json\/wp\/v2\/pages\/2775"}],"wp:featuredmedia":[{"embeddable":true,"href":"https:\/\/www.ec2finance.com\/en\/wp-json\/wp\/v2\/media\/2752"}],"wp:attachment":[{"href":"https:\/\/www.ec2finance.com\/en\/wp-json\/wp\/v2\/media?parent=2771"}],"curies":[{"name":"wp","href":"https:\/\/api.w.org\/{rel}","templated":true}]}}