{"id":2769,"date":"2021-06-09T13:10:21","date_gmt":"2021-06-09T18:10:21","guid":{"rendered":"https:\/\/beta.ec2finance.com\/andre-morissette\/"},"modified":"2023-07-18T21:45:29","modified_gmt":"2023-07-19T01:45:29","slug":"andre-morissette","status":"publish","type":"page","link":"https:\/\/www.ec2finance.com\/en\/our-experts\/andre-morissette\/","title":{"rendered":"Andr\u00e9 Morissette"},"content":{"rendered":"\t\t<div data-elementor-type=\"wp-page\" data-elementor-id=\"2769\" class=\"elementor elementor-2769 elementor-831\" data-elementor-post-type=\"page\">\n\t\t\t\t\t\t<section class=\"elementor-section elementor-top-section elementor-element elementor-element-f49a1ae elementor-section-full_width elementor-section-height-min-height elementor-section-height-default elementor-section-items-middle\" data-id=\"f49a1ae\" data-element_type=\"section\" data-e-type=\"section\" data-settings=\"{&quot;background_background&quot;:&quot;classic&quot;}\">\n\t\t\t\t\t\t<div class=\"elementor-container elementor-column-gap-default\">\n\t\t\t\t\t<div class=\"elementor-column elementor-col-100 elementor-top-column elementor-element elementor-element-9d8eaa9\" data-id=\"9d8eaa9\" data-element_type=\"column\" data-e-type=\"column\">\n\t\t\t<div class=\"elementor-widget-wrap elementor-element-populated\">\n\t\t\t\t\t\t<div class=\"elementor-element elementor-element-932b35f elementor-widget elementor-widget-breadcrumbs\" data-id=\"932b35f\" data-element_type=\"widget\" data-e-type=\"widget\" data-widget_type=\"breadcrumbs.default\">\n\t\t\t\t<div class=\"elementor-widget-container\">\n\t\t\t\t\t<p id=\"breadcrumbs\"><span><span><a href=\"https:\/\/www.ec2finance.com\/en\/\">Accueil<\/a><\/span><\/span><\/p>\t\t\t\t<\/div>\n\t\t\t\t<\/div>\n\t\t\t\t\t<\/div>\n\t\t<\/div>\n\t\t\t\t\t<\/div>\n\t\t<\/section>\n\t\t\t\t<section class=\"elementor-section elementor-top-section elementor-element elementor-element-4ee0ee4 elementor-section-full_width elementor-section-height-default elementor-section-height-default\" data-id=\"4ee0ee4\" data-element_type=\"section\" data-e-type=\"section\" data-settings=\"{&quot;background_background&quot;:&quot;classic&quot;}\">\n\t\t\t\t\t\t\t<div class=\"elementor-background-overlay\"><\/div>\n\t\t\t\t\t\t\t<div class=\"elementor-container elementor-column-gap-default\">\n\t\t\t\t\t<div class=\"elementor-column elementor-col-50 elementor-top-column elementor-element elementor-element-d70a93e\" data-id=\"d70a93e\" data-element_type=\"column\" data-e-type=\"column\">\n\t\t\t<div class=\"elementor-widget-wrap elementor-element-populated\">\n\t\t\t\t\t\t<div class=\"elementor-element elementor-element-91ae461 elementor-widget elementor-widget-image\" data-id=\"91ae461\" data-element_type=\"widget\" data-e-type=\"widget\" data-widget_type=\"image.default\">\n\t\t\t\t<div class=\"elementor-widget-container\">\n\t\t\t\t\t\t\t\t\t\t\t\t\t\t\t<img fetchpriority=\"high\" decoding=\"async\" width=\"800\" height=\"800\" src=\"https:\/\/www.ec2finance.com\/wp-content\/uploads\/2021\/06\/EC2_PhotosSelection_MEMBRES_AndreMorissette_V2.jpg\" class=\"attachment-full size-full wp-image-2748\" alt=\"\" srcset=\"https:\/\/www.ec2finance.com\/wp-content\/uploads\/2021\/06\/EC2_PhotosSelection_MEMBRES_AndreMorissette_V2.jpg 800w, https:\/\/www.ec2finance.com\/wp-content\/uploads\/2021\/06\/EC2_PhotosSelection_MEMBRES_AndreMorissette_V2-300x300.jpg 300w, https:\/\/www.ec2finance.com\/wp-content\/uploads\/2021\/06\/EC2_PhotosSelection_MEMBRES_AndreMorissette_V2-150x150.jpg 150w, https:\/\/www.ec2finance.com\/wp-content\/uploads\/2021\/06\/EC2_PhotosSelection_MEMBRES_AndreMorissette_V2-768x768.jpg 768w\" sizes=\"(max-width: 800px) 100vw, 800px\" \/>\t\t\t\t\t\t\t\t\t\t\t\t\t\t\t<\/div>\n\t\t\t\t<\/div>\n\t\t\t\t\t<\/div>\n\t\t<\/div>\n\t\t\t\t<div class=\"elementor-column elementor-col-50 elementor-top-column elementor-element elementor-element-cbc14e8\" data-id=\"cbc14e8\" data-element_type=\"column\" data-e-type=\"column\">\n\t\t\t<div class=\"elementor-widget-wrap elementor-element-populated\">\n\t\t\t\t\t\t<div class=\"elementor-element elementor-element-e2c8fa6 elementor-widget elementor-widget-text-editor\" data-id=\"e2c8fa6\" data-element_type=\"widget\" data-e-type=\"widget\" data-widget_type=\"text-editor.default\">\n\t\t\t\t<div class=\"elementor-widget-container\">\n\t\t\t\t\t\t\t\t\t<h1>ANDR\u00c9 MORISSETTE<\/h1>\n<small>CPA, MBA<\/small>\t\t\t\t\t\t\t\t<\/div>\n\t\t\t\t<\/div>\n\t\t\t\t<div class=\"elementor-element elementor-element-4cf6f8c elementor-widget elementor-widget-text-editor\" data-id=\"4cf6f8c\" data-element_type=\"widget\" data-e-type=\"widget\" data-widget_type=\"text-editor.default\">\n\t\t\t\t<div class=\"elementor-widget-container\">\n\t\t\t\t\t\t\t\t\tFinancing and Business Sales &#038; Acquisitions Expert\t\t\t\t\t\t\t\t<\/div>\n\t\t\t\t<\/div>\n\t\t\t\t<div class=\"elementor-element elementor-element-c36b60d elementor-widget elementor-widget-text-editor\" data-id=\"c36b60d\" data-element_type=\"widget\" data-e-type=\"widget\" data-widget_type=\"text-editor.default\">\n\t\t\t\t<div class=\"elementor-widget-container\">\n\t\t\t\t\t\t\t\t\t<p>T : <a style=\"color: #00a7e1;\" href=\"tel:5147037678\">(514) 703-7678<\/a><\/p>\t\t\t\t\t\t\t\t<\/div>\n\t\t\t\t<\/div>\n\t\t\t\t<div class=\"elementor-element elementor-element-6d2ae5c elementor-icon-list--layout-inline elementor-list-item-link-full_width elementor-widget elementor-widget-icon-list\" data-id=\"6d2ae5c\" data-element_type=\"widget\" data-e-type=\"widget\" data-widget_type=\"icon-list.default\">\n\t\t\t\t<div class=\"elementor-widget-container\">\n\t\t\t\t\t\t\t<ul class=\"elementor-icon-list-items elementor-inline-items\">\n\t\t\t\t\t\t\t<li class=\"elementor-icon-list-item elementor-inline-item\">\n\t\t\t\t\t\t\t\t\t\t\t<a href=\"mailto:amorissette@ec2finance.com\">\n\n\t\t\t\t\t\t\t\t\t\t\t\t<span class=\"elementor-icon-list-icon\">\n\t\t\t\t\t\t\t<i aria-hidden=\"true\" class=\"far fa-envelope\"><\/i>\t\t\t\t\t\t<\/span>\n\t\t\t\t\t\t\t\t\t\t<span class=\"elementor-icon-list-text\"><\/span>\n\t\t\t\t\t\t\t\t\t\t\t<\/a>\n\t\t\t\t\t\t\t\t\t<\/li>\n\t\t\t\t\t\t\t\t<li class=\"elementor-icon-list-item elementor-inline-item\">\n\t\t\t\t\t\t\t\t\t\t\t<a href=\"https:\/\/www.linkedin.com\/in\/andre-morissette-cpa-ca-mba-539b758\/\" target=\"_blank\">\n\n\t\t\t\t\t\t\t\t\t\t\t\t<span class=\"elementor-icon-list-icon\">\n\t\t\t\t\t\t\t<i aria-hidden=\"true\" class=\"fab fa-linkedin-in\"><\/i>\t\t\t\t\t\t<\/span>\n\t\t\t\t\t\t\t\t\t\t<span class=\"elementor-icon-list-text\"><\/span>\n\t\t\t\t\t\t\t\t\t\t\t<\/a>\n\t\t\t\t\t\t\t\t\t<\/li>\n\t\t\t\t\t\t<\/ul>\n\t\t\t\t\t\t<\/div>\n\t\t\t\t<\/div>\n\t\t\t\t\t<\/div>\n\t\t<\/div>\n\t\t\t\t\t<\/div>\n\t\t<\/section>\n\t\t\t\t<section class=\"elementor-section elementor-top-section elementor-element elementor-element-49aac4d elementor-section-full_width elementor-section-height-min-height elementor-section-height-default elementor-section-items-middle\" data-id=\"49aac4d\" data-element_type=\"section\" data-e-type=\"section\" data-settings=\"{&quot;background_background&quot;:&quot;classic&quot;}\">\n\t\t\t\t\t\t<div class=\"elementor-container elementor-column-gap-default\">\n\t\t\t\t\t<div class=\"elementor-column elementor-col-100 elementor-top-column elementor-element elementor-element-a598661\" data-id=\"a598661\" data-element_type=\"column\" data-e-type=\"column\">\n\t\t\t<div class=\"elementor-widget-wrap elementor-element-populated\">\n\t\t\t\t\t\t<div class=\"elementor-element elementor-element-8e5f1cc elementor-widget elementor-widget-heading\" data-id=\"8e5f1cc\" data-element_type=\"widget\" data-e-type=\"widget\" data-widget_type=\"heading.default\">\n\t\t\t\t<div class=\"elementor-widget-container\">\n\t\t\t\t\t<h2 class=\"elementor-heading-title elementor-size-default\">BIOGRAPHY<\/h2>\t\t\t\t<\/div>\n\t\t\t\t<\/div>\n\t\t\t\t<div class=\"elementor-element elementor-element-056e205 elementor-widget elementor-widget-text-editor\" data-id=\"056e205\" data-element_type=\"widget\" data-e-type=\"widget\" data-widget_type=\"text-editor.default\">\n\t\t\t\t<div class=\"elementor-widget-container\">\n\t\t\t\t\t\t\t\t\t<p>After working in public accounting and financial management consulting for the first 10 years of his career, Andr\u00e9 Morissette, CPA, CA, MBA, owned and operated a company specialized in the national distribution of consumer products for 13 years. As a result, he acquired solid experience in the areas of business management, financing, marketing, and strategic operational efficiency. With a good understanding of the strategic, financial, administrative, and operational challenges of small and medium-sized businesses, he assists entrepreneurs in their operational and financial management as well as in finding the best financing solution for their company.<\/p><p>Andr\u00e9 holds a Bachelor&#8217;s degree in Accounting from the <em>Universit\u00e9 du Qu\u00e9bec \u00e0 Montr\u00e9al<\/em> and a Master&#8217;s degree in Business Administration from the Terry College of Business at the University of Georgia in Athens (UGA). He is a member of the <em>Ordre des comptables professionnels agr\u00e9\u00e9s du Qu\u00e9bec<\/em> (CPA, CA). Andr\u00e9 is involved with several charitable organizations, including the Mira Foundation, for which he climbed Mount Kilimanjaro as part of a fundraising campaign.<\/p>\t\t\t\t\t\t\t\t<\/div>\n\t\t\t\t<\/div>\n\t\t\t\t\t<\/div>\n\t\t<\/div>\n\t\t\t\t\t<\/div>\n\t\t<\/section>\n\t\t\t\t<section class=\"elementor-section elementor-top-section elementor-element elementor-element-f3ddac7 elementor-section-full_width elementor-section-height-min-height elementor-section-height-default elementor-section-items-middle\" data-id=\"f3ddac7\" data-element_type=\"section\" data-e-type=\"section\" data-settings=\"{&quot;background_background&quot;:&quot;classic&quot;}\">\n\t\t\t\t\t\t\t<div class=\"elementor-background-overlay\"><\/div>\n\t\t\t\t\t\t\t<div class=\"elementor-container elementor-column-gap-default\">\n\t\t\t\t\t<div class=\"elementor-column elementor-col-100 elementor-top-column elementor-element elementor-element-6517341\" data-id=\"6517341\" data-element_type=\"column\" data-e-type=\"column\">\n\t\t\t<div class=\"elementor-widget-wrap elementor-element-populated\">\n\t\t\t\t\t\t<div class=\"elementor-element elementor-element-1f93af1 elementor-widget elementor-widget-heading\" data-id=\"1f93af1\" data-element_type=\"widget\" data-e-type=\"widget\" data-widget_type=\"heading.default\">\n\t\t\t\t<div class=\"elementor-widget-container\">\n\t\t\t\t\t<h2 class=\"elementor-heading-title elementor-size-default\">Our team is here to support you in successfully achieving your business objectives<\/h2>\t\t\t\t<\/div>\n\t\t\t\t<\/div>\n\t\t\t\t<div class=\"elementor-element elementor-element-5afd5db elementor-align-center elementor-hidden-desktop elementor-hidden-tablet elementor-widget elementor-widget-button\" data-id=\"5afd5db\" data-element_type=\"widget\" data-e-type=\"widget\" data-widget_type=\"button.default\">\n\t\t\t\t<div class=\"elementor-widget-container\">\n\t\t\t\t\t\t\t\t\t<div class=\"elementor-button-wrapper\">\n\t\t\t\t\t<a class=\"elementor-button elementor-button-link elementor-size-md\" href=\"\/en\/contact\/\">\n\t\t\t\t\t\t<span class=\"elementor-button-content-wrapper\">\n\t\t\t\t\t\t\t\t\t<span class=\"elementor-button-text\">CONSULT ANDR\u00c9<\/span>\n\t\t\t\t\t<\/span>\n\t\t\t\t\t<\/a>\n\t\t\t\t<\/div>\n\t\t\t\t\t\t\t\t<\/div>\n\t\t\t\t<\/div>\n\t\t\t\t<div class=\"elementor-element elementor-element-b976419 elementor-align-center elementor-hidden-phone elementor-widget elementor-widget-button\" data-id=\"b976419\" data-element_type=\"widget\" data-e-type=\"widget\" data-widget_type=\"button.default\">\n\t\t\t\t<div class=\"elementor-widget-container\">\n\t\t\t\t\t\t\t\t\t<div class=\"elementor-button-wrapper\">\n\t\t\t\t\t<a class=\"elementor-button elementor-button-link elementor-size-xl\" href=\"\/en\/contact\/\">\n\t\t\t\t\t\t<span class=\"elementor-button-content-wrapper\">\n\t\t\t\t\t\t\t\t\t<span class=\"elementor-button-text\">CONSULT ANDR\u00c9<\/span>\n\t\t\t\t\t<\/span>\n\t\t\t\t\t<\/a>\n\t\t\t\t<\/div>\n\t\t\t\t\t\t\t\t<\/div>\n\t\t\t\t<\/div>\n\t\t\t\t\t<\/div>\n\t\t<\/div>\n\t\t\t\t\t<\/div>\n\t\t<\/section>\n\t\t\t\t<\/div>\n\t\t","protected":false},"excerpt":{"rendered":"<p>ANDR\u00c9 MORISSETTE CPA, MBAFinancing and Business Sales &#038; Acquisitions Expert T : (514) 703-7678 BIOGRAPHY After working in public accounting and financial management consulting for the first 10 years of his career, Andr\u00e9 Morissette, CPA, CA, MBA, owned and operated a company specialized in the national distribution of consumer products for 13 years. As a [&hellip;]<\/p>\n","protected":false},"author":1,"featured_media":2748,"parent":2775,"menu_order":-9999,"comment_status":"closed","ping_status":"closed","template":"","meta":{"_acf_changed":false,"footnotes":""},"class_list":["post-2769","page","type-page","status-publish","has-post-thumbnail","hentry"],"acf":[],"yoast_head":"<!-- This site is optimized with the Yoast SEO plugin v27.4 - https:\/\/yoast.com\/product\/yoast-seo-wordpress\/ -->\n<title>Andr\u00e9 Morissette - Financing and Business Sales &amp; Acquisitions Expert - EC2<\/title>\n<meta name=\"robots\" content=\"index, follow, max-snippet:-1, max-image-preview:large, max-video-preview:-1\" \/>\n<link rel=\"canonical\" href=\"https:\/\/www.ec2finance.com\/en\/our-experts\/andre-morissette\/\" \/>\n<meta property=\"og:locale\" content=\"en_US\" \/>\n<meta property=\"og:type\" content=\"article\" \/>\n<meta property=\"og:title\" content=\"Andr\u00e9 Morissette - Financing and Business Sales &amp; Acquisitions Expert - EC2\" \/>\n<meta property=\"og:description\" content=\"ANDR\u00c9 MORISSETTE CPA, MBAFinancing and Business Sales &#038; Acquisitions Expert T : (514) 703-7678 BIOGRAPHY After working in public accounting and financial management consulting for the first 10 years of his career, Andr\u00e9 Morissette, CPA, CA, MBA, owned and operated a company specialized in the national distribution of consumer products for 13 years. As a [&hellip;]\" \/>\n<meta property=\"og:url\" content=\"https:\/\/www.ec2finance.com\/en\/our-experts\/andre-morissette\/\" \/>\n<meta property=\"og:site_name\" content=\"EC2\" \/>\n<meta property=\"article:publisher\" content=\"https:\/\/www.facebook.com\/FirmeEC2\" \/>\n<meta property=\"article:modified_time\" content=\"2023-07-19T01:45:29+00:00\" \/>\n<meta property=\"og:image\" content=\"https:\/\/www.ec2finance.com\/wp-content\/uploads\/2021\/06\/EC2_PhotosSelection_MEMBRES_AndreMorissette_V2.jpg\" \/>\n\t<meta property=\"og:image:width\" content=\"800\" \/>\n\t<meta property=\"og:image:height\" content=\"800\" \/>\n\t<meta property=\"og:image:type\" content=\"image\/jpeg\" \/>\n<meta name=\"twitter:card\" content=\"summary_large_image\" \/>\n<meta name=\"twitter:site\" content=\"@Ec2Finance\" \/>\n<meta name=\"twitter:label1\" content=\"Est. reading time\" \/>\n\t<meta name=\"twitter:data1\" content=\"2 minutes\" \/>\n<script type=\"application\/ld+json\" class=\"yoast-schema-graph\">{\"@context\":\"https:\\\/\\\/schema.org\",\"@graph\":[{\"@type\":\"WebPage\",\"@id\":\"https:\\\/\\\/www.ec2finance.com\\\/en\\\/our-experts\\\/andre-morissette\\\/\",\"url\":\"https:\\\/\\\/www.ec2finance.com\\\/en\\\/our-experts\\\/andre-morissette\\\/\",\"name\":\"Andr\u00e9 Morissette - Financing and Business Sales & Acquisitions Expert - EC2\",\"isPartOf\":{\"@id\":\"https:\\\/\\\/www.ec2finance.com\\\/en\\\/#website\"},\"primaryImageOfPage\":{\"@id\":\"https:\\\/\\\/www.ec2finance.com\\\/en\\\/our-experts\\\/andre-morissette\\\/#primaryimage\"},\"image\":{\"@id\":\"https:\\\/\\\/www.ec2finance.com\\\/en\\\/our-experts\\\/andre-morissette\\\/#primaryimage\"},\"thumbnailUrl\":\"https:\\\/\\\/www.ec2finance.com\\\/wp-content\\\/uploads\\\/2021\\\/06\\\/EC2_PhotosSelection_MEMBRES_AndreMorissette_V2.jpg\",\"datePublished\":\"2021-06-09T18:10:21+00:00\",\"dateModified\":\"2023-07-19T01:45:29+00:00\",\"breadcrumb\":{\"@id\":\"https:\\\/\\\/www.ec2finance.com\\\/en\\\/our-experts\\\/andre-morissette\\\/#breadcrumb\"},\"inLanguage\":\"en-US\",\"potentialAction\":[{\"@type\":\"ReadAction\",\"target\":[\"https:\\\/\\\/www.ec2finance.com\\\/en\\\/our-experts\\\/andre-morissette\\\/\"]}]},{\"@type\":\"ImageObject\",\"inLanguage\":\"en-US\",\"@id\":\"https:\\\/\\\/www.ec2finance.com\\\/en\\\/our-experts\\\/andre-morissette\\\/#primaryimage\",\"url\":\"https:\\\/\\\/www.ec2finance.com\\\/wp-content\\\/uploads\\\/2021\\\/06\\\/EC2_PhotosSelection_MEMBRES_AndreMorissette_V2.jpg\",\"contentUrl\":\"https:\\\/\\\/www.ec2finance.com\\\/wp-content\\\/uploads\\\/2021\\\/06\\\/EC2_PhotosSelection_MEMBRES_AndreMorissette_V2.jpg\",\"width\":800,\"height\":800},{\"@type\":\"BreadcrumbList\",\"@id\":\"https:\\\/\\\/www.ec2finance.com\\\/en\\\/our-experts\\\/andre-morissette\\\/#breadcrumb\",\"itemListElement\":[{\"@type\":\"ListItem\",\"position\":1,\"name\":\"Accueil\",\"item\":\"https:\\\/\\\/www.ec2finance.com\\\/en\\\/\"},{\"@type\":\"ListItem\",\"position\":2,\"name\":\"Our Experts\",\"item\":\"https:\\\/\\\/www.ec2finance.com\\\/en\\\/our-experts\\\/\"},{\"@type\":\"ListItem\",\"position\":3,\"name\":\"Andr\u00e9 Morissette\"}]},{\"@type\":\"WebSite\",\"@id\":\"https:\\\/\\\/www.ec2finance.com\\\/en\\\/#website\",\"url\":\"https:\\\/\\\/www.ec2finance.com\\\/en\\\/\",\"name\":\"EC2 Finance\",\"description\":\"Vente, acquisition et financement d\u2019entreprises\",\"publisher\":{\"@id\":\"https:\\\/\\\/www.ec2finance.com\\\/en\\\/#organization\"},\"alternateName\":\"EC2\",\"potentialAction\":[{\"@type\":\"SearchAction\",\"target\":{\"@type\":\"EntryPoint\",\"urlTemplate\":\"https:\\\/\\\/www.ec2finance.com\\\/en\\\/?s={search_term_string}\"},\"query-input\":{\"@type\":\"PropertyValueSpecification\",\"valueRequired\":true,\"valueName\":\"search_term_string\"}}],\"inLanguage\":\"en-US\"},{\"@type\":\"Organization\",\"@id\":\"https:\\\/\\\/www.ec2finance.com\\\/en\\\/#organization\",\"name\":\"EC2 Finance\",\"alternateName\":\"EC2\",\"url\":\"https:\\\/\\\/www.ec2finance.com\\\/en\\\/\",\"logo\":{\"@type\":\"ImageObject\",\"inLanguage\":\"en-US\",\"@id\":\"https:\\\/\\\/www.ec2finance.com\\\/en\\\/#\\\/schema\\\/logo\\\/image\\\/\",\"url\":\"https:\\\/\\\/www.ec2finance.com\\\/wp-content\\\/uploads\\\/2020\\\/10\\\/EC2_LogoSans.png\",\"contentUrl\":\"https:\\\/\\\/www.ec2finance.com\\\/wp-content\\\/uploads\\\/2020\\\/10\\\/EC2_LogoSans.png\",\"width\":800,\"height\":371,\"caption\":\"EC2 Finance\"},\"image\":{\"@id\":\"https:\\\/\\\/www.ec2finance.com\\\/en\\\/#\\\/schema\\\/logo\\\/image\\\/\"},\"sameAs\":[\"https:\\\/\\\/www.facebook.com\\\/FirmeEC2\",\"https:\\\/\\\/x.com\\\/Ec2Finance\"]}]}<\/script>\n<!-- \/ Yoast SEO plugin. -->","yoast_head_json":{"title":"Andr\u00e9 Morissette - Financing and Business Sales & Acquisitions Expert - EC2","robots":{"index":"index","follow":"follow","max-snippet":"max-snippet:-1","max-image-preview":"max-image-preview:large","max-video-preview":"max-video-preview:-1"},"canonical":"https:\/\/www.ec2finance.com\/en\/our-experts\/andre-morissette\/","og_locale":"en_US","og_type":"article","og_title":"Andr\u00e9 Morissette - Financing and Business Sales & Acquisitions Expert - EC2","og_description":"ANDR\u00c9 MORISSETTE CPA, MBAFinancing and Business Sales &#038; Acquisitions Expert T : (514) 703-7678 BIOGRAPHY After working in public accounting and financial management consulting for the first 10 years of his career, Andr\u00e9 Morissette, CPA, CA, MBA, owned and operated a company specialized in the national distribution of consumer products for 13 years. As a [&hellip;]","og_url":"https:\/\/www.ec2finance.com\/en\/our-experts\/andre-morissette\/","og_site_name":"EC2","article_publisher":"https:\/\/www.facebook.com\/FirmeEC2","article_modified_time":"2023-07-19T01:45:29+00:00","og_image":[{"width":800,"height":800,"url":"https:\/\/www.ec2finance.com\/wp-content\/uploads\/2021\/06\/EC2_PhotosSelection_MEMBRES_AndreMorissette_V2.jpg","type":"image\/jpeg"}],"twitter_card":"summary_large_image","twitter_site":"@Ec2Finance","twitter_misc":{"Est. reading time":"2 minutes"},"schema":{"@context":"https:\/\/schema.org","@graph":[{"@type":"WebPage","@id":"https:\/\/www.ec2finance.com\/en\/our-experts\/andre-morissette\/","url":"https:\/\/www.ec2finance.com\/en\/our-experts\/andre-morissette\/","name":"Andr\u00e9 Morissette - Financing and Business Sales & Acquisitions Expert - EC2","isPartOf":{"@id":"https:\/\/www.ec2finance.com\/en\/#website"},"primaryImageOfPage":{"@id":"https:\/\/www.ec2finance.com\/en\/our-experts\/andre-morissette\/#primaryimage"},"image":{"@id":"https:\/\/www.ec2finance.com\/en\/our-experts\/andre-morissette\/#primaryimage"},"thumbnailUrl":"https:\/\/www.ec2finance.com\/wp-content\/uploads\/2021\/06\/EC2_PhotosSelection_MEMBRES_AndreMorissette_V2.jpg","datePublished":"2021-06-09T18:10:21+00:00","dateModified":"2023-07-19T01:45:29+00:00","breadcrumb":{"@id":"https:\/\/www.ec2finance.com\/en\/our-experts\/andre-morissette\/#breadcrumb"},"inLanguage":"en-US","potentialAction":[{"@type":"ReadAction","target":["https:\/\/www.ec2finance.com\/en\/our-experts\/andre-morissette\/"]}]},{"@type":"ImageObject","inLanguage":"en-US","@id":"https:\/\/www.ec2finance.com\/en\/our-experts\/andre-morissette\/#primaryimage","url":"https:\/\/www.ec2finance.com\/wp-content\/uploads\/2021\/06\/EC2_PhotosSelection_MEMBRES_AndreMorissette_V2.jpg","contentUrl":"https:\/\/www.ec2finance.com\/wp-content\/uploads\/2021\/06\/EC2_PhotosSelection_MEMBRES_AndreMorissette_V2.jpg","width":800,"height":800},{"@type":"BreadcrumbList","@id":"https:\/\/www.ec2finance.com\/en\/our-experts\/andre-morissette\/#breadcrumb","itemListElement":[{"@type":"ListItem","position":1,"name":"Accueil","item":"https:\/\/www.ec2finance.com\/en\/"},{"@type":"ListItem","position":2,"name":"Our Experts","item":"https:\/\/www.ec2finance.com\/en\/our-experts\/"},{"@type":"ListItem","position":3,"name":"Andr\u00e9 Morissette"}]},{"@type":"WebSite","@id":"https:\/\/www.ec2finance.com\/en\/#website","url":"https:\/\/www.ec2finance.com\/en\/","name":"EC2 Finance","description":"Vente, acquisition et financement d\u2019entreprises","publisher":{"@id":"https:\/\/www.ec2finance.com\/en\/#organization"},"alternateName":"EC2","potentialAction":[{"@type":"SearchAction","target":{"@type":"EntryPoint","urlTemplate":"https:\/\/www.ec2finance.com\/en\/?s={search_term_string}"},"query-input":{"@type":"PropertyValueSpecification","valueRequired":true,"valueName":"search_term_string"}}],"inLanguage":"en-US"},{"@type":"Organization","@id":"https:\/\/www.ec2finance.com\/en\/#organization","name":"EC2 Finance","alternateName":"EC2","url":"https:\/\/www.ec2finance.com\/en\/","logo":{"@type":"ImageObject","inLanguage":"en-US","@id":"https:\/\/www.ec2finance.com\/en\/#\/schema\/logo\/image\/","url":"https:\/\/www.ec2finance.com\/wp-content\/uploads\/2020\/10\/EC2_LogoSans.png","contentUrl":"https:\/\/www.ec2finance.com\/wp-content\/uploads\/2020\/10\/EC2_LogoSans.png","width":800,"height":371,"caption":"EC2 Finance"},"image":{"@id":"https:\/\/www.ec2finance.com\/en\/#\/schema\/logo\/image\/"},"sameAs":["https:\/\/www.facebook.com\/FirmeEC2","https:\/\/x.com\/Ec2Finance"]}]}},"_links":{"self":[{"href":"https:\/\/www.ec2finance.com\/en\/wp-json\/wp\/v2\/pages\/2769","targetHints":{"allow":["GET"]}}],"collection":[{"href":"https:\/\/www.ec2finance.com\/en\/wp-json\/wp\/v2\/pages"}],"about":[{"href":"https:\/\/www.ec2finance.com\/en\/wp-json\/wp\/v2\/types\/page"}],"author":[{"embeddable":true,"href":"https:\/\/www.ec2finance.com\/en\/wp-json\/wp\/v2\/users\/1"}],"replies":[{"embeddable":true,"href":"https:\/\/www.ec2finance.com\/en\/wp-json\/wp\/v2\/comments?post=2769"}],"version-history":[{"count":34,"href":"https:\/\/www.ec2finance.com\/en\/wp-json\/wp\/v2\/pages\/2769\/revisions"}],"predecessor-version":[{"id":5613,"href":"https:\/\/www.ec2finance.com\/en\/wp-json\/wp\/v2\/pages\/2769\/revisions\/5613"}],"up":[{"embeddable":true,"href":"https:\/\/www.ec2finance.com\/en\/wp-json\/wp\/v2\/pages\/2775"}],"wp:featuredmedia":[{"embeddable":true,"href":"https:\/\/www.ec2finance.com\/en\/wp-json\/wp\/v2\/media\/2748"}],"wp:attachment":[{"href":"https:\/\/www.ec2finance.com\/en\/wp-json\/wp\/v2\/media?parent=2769"}],"curies":[{"name":"wp","href":"https:\/\/api.w.org\/{rel}","templated":true}]}}